{"id":2105,"date":"2021-03-24T07:25:45","date_gmt":"2021-03-24T07:25:45","guid":{"rendered":"http:\/\/localhost\/nuss\/?page_id=235"},"modified":"2021-03-24T07:25:45","modified_gmt":"2021-03-24T07:25:45","slug":"faqs","status":"publish","type":"page","link":"https:\/\/letheatrecruises.com\/de\/faqs\/","title":{"rendered":"Faqs"},"content":{"rendered":"<div data-elementor-type=\"wp-page\" data-elementor-id=\"2105\" class=\"elementor elementor-2105\" data-elementor-post-type=\"page\">\n\t\t\t\t\t\t<section class=\"elementor-section elementor-top-section elementor-element elementor-element-2a96a73 elementor-section-boxed elementor-section-gap-beside-yes elementor-section-height-default elementor-section-height-default elementor-section-column-vertical-align-stretch\" data-id=\"2a96a73\" data-element_type=\"section\">\n\t\t\t\t\t\t<div class=\"elementor-container elementor-column-gap-extended\">\n\t\t\t\t\t<div class=\"elementor-column elementor-col-100 elementor-top-column elementor-element elementor-element-98ef20c\" data-id=\"98ef20c\" data-element_type=\"column\">\n\t\t\t<div class=\"elementor-widget-wrap elementor-element-populated\">\n\t\t\t\t\t\t<div class=\"elementor-element elementor-element-97088c0 elementor-widget__width-initial elementor-invisible elementor-widget elementor-widget-text-editor\" data-id=\"97088c0\" data-element_type=\"widget\" data-settings=\"{&quot;_animation&quot;:&quot;nussFadeInUp&quot;}\" data-widget_type=\"text-editor.default\">\n\t\t\t\t<div class=\"elementor-widget-container\">\n\t\t\t\t\t\t\t\t\t<p>Nachfolgend finden Sie eine Liste der am h\u00e4ufigsten von unseren G\u00e4sten gestellten Fragen.<\/p>\t\t\t\t\t\t\t\t<\/div>\n\t\t\t\t<\/div>\n\t\t\t\t\t<\/div>\n\t\t<\/div>\n\t\t\t\t\t<\/div>\n\t\t<\/section>\n\t\t\t\t<section class=\"elementor-section elementor-top-section elementor-element elementor-element-b184647 elementor-section-gap-beside-no elementor-section-boxed elementor-section-height-default elementor-section-height-default elementor-section-column-vertical-align-stretch\" data-id=\"b184647\" data-element_type=\"section\">\n\t\t\t\t\t\t<div class=\"elementor-container elementor-column-gap-extended\">\n\t\t\t\t\t<div class=\"elementor-column elementor-col-50 elementor-top-column elementor-element elementor-element-1d49749\" data-id=\"1d49749\" data-element_type=\"column\">\n\t\t\t<div class=\"elementor-widget-wrap elementor-element-populated\">\n\t\t\t\t\t\t<div class=\"elementor-element elementor-element-b986a9e elementor-invisible elementor-widget elementor-widget-nuss-heading\" data-id=\"b986a9e\" data-element_type=\"widget\" data-settings=\"{&quot;_animation&quot;:&quot;nussFadeInUp&quot;}\" data-widget_type=\"nuss-heading.default\">\n\t\t\t\t<div class=\"elementor-widget-container\">\n\t\t\t\t\t\t\t<div class=\"nuss-modern-heading\">\r\n\t\t\t\r\n\t\t\t\t\t\t<div class=\"heading-primary-wrap\">\r\n\t\t\t\t<h4 class=\"heading-primary elementor-heading-title\">H\u00e4ufig gestellte Fragen<\/h4>\t\t\t<\/div>\r\n\t\t\r\n\t\t\t\t\t\t<div class=\"heading-divider-wrap\">\r\n\t\t\t\t<div class=\"heading-divider\" style=\"left: 0px;top: 6px\"><\/div>\r\n\t\t\t<\/div>\r\n\t\r\n\t\t\t\t\t<\/div>\r\n\t\t\t\t\t<\/div>\n\t\t\t\t<\/div>\n\t\t\t\t<div class=\"elementor-element elementor-element-50f0733 elementor-invisible elementor-widget elementor-widget-heading\" data-id=\"50f0733\" data-element_type=\"widget\" data-settings=\"{&quot;_animation&quot;:&quot;nussFadeInUp&quot;}\" data-widget_type=\"heading.default\">\n\t\t\t\t<div class=\"elementor-widget-container\">\n\t\t\t\t\t<h2 class=\"elementor-heading-title elementor-size-default\">Fragen &amp; Antworten<\/h2>\t\t\t\t<\/div>\n\t\t\t\t<\/div>\n\t\t\t\t<div class=\"elementor-element elementor-element-a865a9f nuss-accordion-style-03 elementor-invisible elementor-widget elementor-widget-nuss-accordion\" data-id=\"a865a9f\" data-element_type=\"widget\" data-settings=\"{&quot;_animation&quot;:&quot;nussFadeInUp&quot;}\" data-widget_type=\"nuss-accordion.default\">\n\t\t\t\t<div class=\"elementor-widget-container\">\n\t\t\t\t\t\t\t<div class=\"nuss-accordion nuss-accordion-icon-right\">\r\n\t\t\t\t\t\t\t<div class=\"accordion-section\">\r\n\t\t\t\t\t<div class=\"accordion-header\">\r\n\t\t\t\t\t\t<div class=\"accordion-title-wrapper\">\r\n\t\t\t\t\t\t\t<h4 class=\"accordion-title\">Check-in-Zeit?<\/h4>\t\t\t\t\t\t<\/div>\r\n\t\t\t\t\t\t\t\t\t\t\t\t\t<div class=\"accordion-icons\">\r\n\t\t\t\t\t\t\t\t<span\r\n\t\t\t\t\t\t\t\t\tclass=\"accordion-icon opened-icon\"><i class=\"fal fa-angle-down\"><\/i><\/span>\r\n\t\t\t\t\t\t\t\t<span\r\n\t\t\t\t\t\t\t\t\tclass=\"accordion-icon closed-icon\"><i class=\"fal fa-angle-up\"><\/i><\/span>\r\n\t\t\t\t\t\t\t<\/div>\r\n\t\t\t\t\t\t\t\t\t\t\t<\/div>\r\n\t\t\t\t\t<div class=\"accordion-content\">\r\n\t\t\t\t\t\t<p>Als grobe Richtlinie gilt, dass der Check-in nach 12:00 Uhr erfolgen kann. Teilen Sie uns Ihre Ankunftszeit mit. Falls Sie einen fr\u00fchen Check-in planen, werden wir unser Bestes tun, um Ihr Zimmer freizuhalten.<\/p>\t\t\t\t\t<\/div>\r\n\t\t\t\t<\/div>\r\n\t\t\t\t\t\t\t<div class=\"accordion-section\">\r\n\t\t\t\t\t<div class=\"accordion-header\">\r\n\t\t\t\t\t\t<div class=\"accordion-title-wrapper\">\r\n\t\t\t\t\t\t\t<h4 class=\"accordion-title\">Check-out-Zeit?<\/h4>\t\t\t\t\t\t<\/div>\r\n\t\t\t\t\t\t\t\t\t\t\t\t\t<div class=\"accordion-icons\">\r\n\t\t\t\t\t\t\t\t<span\r\n\t\t\t\t\t\t\t\t\tclass=\"accordion-icon opened-icon\"><i class=\"fal fa-angle-down\"><\/i><\/span>\r\n\t\t\t\t\t\t\t\t<span\r\n\t\t\t\t\t\t\t\t\tclass=\"accordion-icon closed-icon\"><i class=\"fal fa-angle-up\"><\/i><\/span>\r\n\t\t\t\t\t\t\t<\/div>\r\n\t\t\t\t\t\t\t\t\t\t\t<\/div>\r\n\t\t\t\t\t<div class=\"accordion-content\">\r\n\t\t\t\t\t\t<p>Als grobe Richtlinie gilt, dass die Check-out-Zeit vor 12 Uhr ist. Wenn Sie einen sp\u00e4ten Check-out planen, teilen Sie uns bitte Ihre Abreisezeit mit. Wir werden unser Bestes tun, um Ihren W\u00fcnschen nachzukommen.<\/p>\t\t\t\t\t<\/div>\r\n\t\t\t\t<\/div>\r\n\t\t\t\t\t\t\t<div class=\"accordion-section\">\r\n\t\t\t\t\t<div class=\"accordion-header\">\r\n\t\t\t\t\t\t<div class=\"accordion-title-wrapper\">\r\n\t\t\t\t\t\t\t<h4 class=\"accordion-title\">Ist die Rezeption rund um die Uhr besetzt?<\/h4>\t\t\t\t\t\t<\/div>\r\n\t\t\t\t\t\t\t\t\t\t\t\t\t<div class=\"accordion-icons\">\r\n\t\t\t\t\t\t\t\t<span\r\n\t\t\t\t\t\t\t\t\tclass=\"accordion-icon opened-icon\"><i class=\"fal fa-angle-down\"><\/i><\/span>\r\n\t\t\t\t\t\t\t\t<span\r\n\t\t\t\t\t\t\t\t\tclass=\"accordion-icon closed-icon\"><i class=\"fal fa-angle-up\"><\/i><\/span>\r\n\t\t\t\t\t\t\t<\/div>\r\n\t\t\t\t\t\t\t\t\t\t\t<\/div>\r\n\t\t\t\t\t<div class=\"accordion-content\">\r\n\t\t\t\t\t\t<p>Ja, der Rezeptionsservice ist rund um die Uhr verf\u00fcgbar.<\/p>\t\t\t\t\t<\/div>\r\n\t\t\t\t<\/div>\r\n\t\t\t\t\t\t\t<div class=\"accordion-section\">\r\n\t\t\t\t\t<div class=\"accordion-header\">\r\n\t\t\t\t\t\t<div class=\"accordion-title-wrapper\">\r\n\t\t\t\t\t\t\t<h4 class=\"accordion-title\">Welche Sprachen werden an der Rezeption gesprochen?<\/h4>\t\t\t\t\t\t<\/div>\r\n\t\t\t\t\t\t\t\t\t\t\t\t\t<div class=\"accordion-icons\">\r\n\t\t\t\t\t\t\t\t<span\r\n\t\t\t\t\t\t\t\t\tclass=\"accordion-icon opened-icon\"><i class=\"fal fa-angle-down\"><\/i><\/span>\r\n\t\t\t\t\t\t\t\t<span\r\n\t\t\t\t\t\t\t\t\tclass=\"accordion-icon closed-icon\"><i class=\"fal fa-angle-up\"><\/i><\/span>\r\n\t\t\t\t\t\t\t<\/div>\r\n\t\t\t\t\t\t\t\t\t\t\t<\/div>\r\n\t\t\t\t\t<div class=\"accordion-content\">\r\n\t\t\t\t\t\t<p>Italienisch, Englisch, Franz\u00f6sisch, Deutsch und Spanisch.<\/p>\t\t\t\t\t<\/div>\r\n\t\t\t\t<\/div>\r\n\t\t\t\t\t\t\t<div class=\"accordion-section\">\r\n\t\t\t\t\t<div class=\"accordion-header\">\r\n\t\t\t\t\t\t<div class=\"accordion-title-wrapper\">\r\n\t\t\t\t\t\t\t<h4 class=\"accordion-title\">Kann ich mein Gep\u00e4ck dort lassen?<\/h4>\t\t\t\t\t\t<\/div>\r\n\t\t\t\t\t\t\t\t\t\t\t\t\t<div class=\"accordion-icons\">\r\n\t\t\t\t\t\t\t\t<span\r\n\t\t\t\t\t\t\t\t\tclass=\"accordion-icon opened-icon\"><i class=\"fal fa-angle-down\"><\/i><\/span>\r\n\t\t\t\t\t\t\t\t<span\r\n\t\t\t\t\t\t\t\t\tclass=\"accordion-icon closed-icon\"><i class=\"fal fa-angle-up\"><\/i><\/span>\r\n\t\t\t\t\t\t\t<\/div>\r\n\t\t\t\t\t\t\t\t\t\t\t<\/div>\r\n\t\t\t\t\t<div class=\"accordion-content\">\r\n\t\t\t\t\t\t<p>Ja, wir k\u00f6nnen Ihr Gep\u00e4ck aufbewahren. Wenn Ihr Zimmer beim Check-in noch nicht fertig ist oder Sie fr\u00fcher auschecken, bewahren wir Ihr Gep\u00e4ck an den Tagen, an denen Sie ein- und auschecken, kostenlos auf.<\/p>\t\t\t\t\t<\/div>\r\n\t\t\t\t<\/div>\r\n\t\t\t\t\t\t\t<div class=\"accordion-section\">\r\n\t\t\t\t\t<div class=\"accordion-header\">\r\n\t\t\t\t\t\t<div class=\"accordion-title-wrapper\">\r\n\t\t\t\t\t\t\t<h4 class=\"accordion-title\">Internetverbindung?<\/h4>\t\t\t\t\t\t<\/div>\r\n\t\t\t\t\t\t\t\t\t\t\t\t\t<div class=\"accordion-icons\">\r\n\t\t\t\t\t\t\t\t<span\r\n\t\t\t\t\t\t\t\t\tclass=\"accordion-icon opened-icon\"><i class=\"fal fa-angle-down\"><\/i><\/span>\r\n\t\t\t\t\t\t\t\t<span\r\n\t\t\t\t\t\t\t\t\tclass=\"accordion-icon closed-icon\"><i class=\"fal fa-angle-up\"><\/i><\/span>\r\n\t\t\t\t\t\t\t<\/div>\r\n\t\t\t\t\t\t\t\t\t\t\t<\/div>\r\n\t\t\t\t\t<div class=\"accordion-content\">\r\n\t\t\t\t\t\t<p>Im gesamten Hotel steht Ihnen eine WLAN-Internetverbindung zur Verf\u00fcgung.<br \/>Die G\u00e4stezimmer verf\u00fcgen \u00fcber einen Highspeed-Internetzugang (sowohl drahtlos als auch kabelgebunden).<\/p>\t\t\t\t\t<\/div>\r\n\t\t\t\t<\/div>\r\n\t\t\t\t\t\t\t<div class=\"accordion-section\">\r\n\t\t\t\t\t<div class=\"accordion-header\">\r\n\t\t\t\t\t\t<div class=\"accordion-title-wrapper\">\r\n\t\t\t\t\t\t\t<h4 class=\"accordion-title\">Welcher ist der n\u00e4chstgelegene Flughafen?<\/h4>\t\t\t\t\t\t<\/div>\r\n\t\t\t\t\t\t\t\t\t\t\t\t\t<div class=\"accordion-icons\">\r\n\t\t\t\t\t\t\t\t<span\r\n\t\t\t\t\t\t\t\t\tclass=\"accordion-icon opened-icon\"><i class=\"fal fa-angle-down\"><\/i><\/span>\r\n\t\t\t\t\t\t\t\t<span\r\n\t\t\t\t\t\t\t\t\tclass=\"accordion-icon closed-icon\"><i class=\"fal fa-angle-up\"><\/i><\/span>\r\n\t\t\t\t\t\t\t<\/div>\r\n\t\t\t\t\t\t\t\t\t\t\t<\/div>\r\n\t\t\t\t\t<div class=\"accordion-content\">\r\n\t\t\t\t\t\t<p>Der n\u00e4chstgelegene Flughafen ist Cuneo Levaldigi, etwa 40 km entfernt.<\/p>\t\t\t\t\t<\/div>\r\n\t\t\t\t<\/div>\r\n\t\t\t\t\t<\/div>\r\n\t\t\t\t\t\t<\/div>\n\t\t\t\t<\/div>\n\t\t\t\t\t<\/div>\n\t\t<\/div>\n\t\t\t\t<div class=\"elementor-column elementor-col-50 elementor-top-column elementor-element elementor-element-1284d57\" data-id=\"1284d57\" data-element_type=\"column\">\n\t\t\t<div class=\"elementor-widget-wrap elementor-element-populated\">\n\t\t\t\t\t\t<div class=\"elementor-element elementor-element-590768a elementor-invisible nuss-elementor-loading nuss-slide-in-left elementor-widget elementor-widget-image\" data-id=\"590768a\" data-element_type=\"widget\" data-settings=\"{&quot;_animation&quot;:&quot;nussSlideInLeft&quot;}\" data-widget_type=\"image.default\">\n\t\t\t\t<div class=\"elementor-widget-container\">\n\t\t\t\t\t\t\t\t\t\t\t\t\t\t\t<img decoding=\"async\" src=\"https:\/\/nuss.uxper.co\/boutique-hotel\/wp-content\/uploads\/sites\/2\/2021\/06\/about-1.jpg\" title=\"\" alt=\"\" loading=\"lazy\" \/>\t\t\t\t\t\t\t\t\t\t\t\t\t\t\t<\/div>\n\t\t\t\t<\/div>\n\t\t\t\t\t<\/div>\n\t\t<\/div>\n\t\t\t\t\t<\/div>\n\t\t<\/section>\n\t\t\t\t<section class=\"elementor-section elementor-top-section elementor-element elementor-element-1fc46fd elementor-section-stretched elementor-section-boxed elementor-section-gap-beside-yes elementor-section-height-default elementor-section-height-default elementor-section-column-vertical-align-stretch elementor-invisible nuss-elementor-loading nuss-slide-in-up\" data-id=\"1fc46fd\" data-element_type=\"section\" data-settings=\"{&quot;stretch_section&quot;:&quot;section-stretched&quot;,&quot;background_background&quot;:&quot;classic&quot;,&quot;animation&quot;:&quot;nussSlideInUp&quot;}\">\n\t\t\t\t\t\t\t<div class=\"elementor-background-overlay\"><\/div>\n\t\t\t\t\t\t\t<div class=\"elementor-container elementor-column-gap-extended\">\n\t\t\t\t\t<div class=\"elementor-column elementor-col-100 elementor-top-column elementor-element elementor-element-cf9f29f\" data-id=\"cf9f29f\" data-element_type=\"column\">\n\t\t\t<div class=\"elementor-widget-wrap elementor-element-populated\">\n\t\t\t\t\t\t<div class=\"elementor-element elementor-element-9c0bbaf elementor-widget__width-initial elementor-invisible elementor-widget elementor-widget-heading\" data-id=\"9c0bbaf\" data-element_type=\"widget\" data-settings=\"{&quot;_animation&quot;:&quot;nussFadeInUp&quot;}\" data-widget_type=\"heading.default\">\n\t\t\t\t<div class=\"elementor-widget-container\">\n\t\t\t\t\t<h3 class=\"elementor-heading-title elementor-size-default\">Bei Fragen k\u00f6nnen Sie sich gerne an uns wenden!<\/h3>\t\t\t\t<\/div>\n\t\t\t\t<\/div>\n\t\t\t\t<div class=\"elementor-element elementor-element-38c1fca elementor-align-center elementor-invisible elementor-widget elementor-widget-button\" data-id=\"38c1fca\" data-element_type=\"widget\" data-settings=\"{&quot;_animation&quot;:&quot;nussFadeInUp&quot;}\" data-widget_type=\"button.default\">\n\t\t\t\t<div class=\"elementor-widget-container\">\n\t\t\t\t\t\t\t\t\t<div class=\"elementor-button-wrapper\">\n\t\t\t\t\t<a class=\"elementor-button elementor-button-link elementor-size-sm\" href=\"#\">\n\t\t\t\t\t\t<span class=\"elementor-button-content-wrapper\">\n\t\t\t\t\t\t\t\t\t<span class=\"elementor-button-text\">Kontaktieren Sie uns<\/span>\n\t\t\t\t\t<\/span>\n\t\t\t\t\t<\/a>\n\t\t\t\t<\/div>\n\t\t\t\t\t\t\t\t<\/div>\n\t\t\t\t<\/div>\n\t\t\t\t<div class=\"elementor-element elementor-element-9938a8f elementor-invisible elementor-widget elementor-widget-text-editor\" data-id=\"9938a8f\" data-element_type=\"widget\" data-settings=\"{&quot;_animation&quot;:&quot;nussFadeInUp&quot;}\" data-widget_type=\"text-editor.default\">\n\t\t\t\t<div class=\"elementor-widget-container\">\n\t\t\t\t\t\t\t\t\t<p>Oder rufen Sie +00 984 88 66 an<\/p>\t\t\t\t\t\t\t\t<\/div>\n\t\t\t\t<\/div>\n\t\t\t\t\t<\/div>\n\t\t<\/div>\n\t\t\t\t\t<\/div>\n\t\t<\/section>\n\t\t\t\t<\/div>","protected":false},"excerpt":{"rendered":"<p>Below, you will find a list of the questions most frequently asked by our guests. FAQ&#8217;S Questions &amp; Answers Check-in time? As a rough guide, the check-in time is after 12 a.m. Let us know your arrival time in case you schedule and early check in we\u2018ll do our best to have your room available. [&hellip;]<\/p>","protected":false},"author":1,"featured_media":0,"parent":0,"menu_order":0,"comment_status":"closed","ping_status":"closed","template":"elementor_header_footer","meta":{"footnotes":""},"class_list":["post-2105","page","type-page","status-publish","hentry","post-no-thumbnail"],"_links":{"self":[{"href":"https:\/\/letheatrecruises.com\/de\/wp-json\/wp\/v2\/pages\/2105","targetHints":{"allow":["GET"]}}],"collection":[{"href":"https:\/\/letheatrecruises.com\/de\/wp-json\/wp\/v2\/pages"}],"about":[{"href":"https:\/\/letheatrecruises.com\/de\/wp-json\/wp\/v2\/types\/page"}],"author":[{"embeddable":true,"href":"https:\/\/letheatrecruises.com\/de\/wp-json\/wp\/v2\/users\/1"}],"replies":[{"embeddable":true,"href":"https:\/\/letheatrecruises.com\/de\/wp-json\/wp\/v2\/comments?post=2105"}],"version-history":[{"count":0,"href":"https:\/\/letheatrecruises.com\/de\/wp-json\/wp\/v2\/pages\/2105\/revisions"}],"wp:attachment":[{"href":"https:\/\/letheatrecruises.com\/de\/wp-json\/wp\/v2\/media?parent=2105"}],"curies":[{"name":"wp","href":"https:\/\/api.w.org\/{rel}","templated":true}]}}