{"id":6466,"date":"2022-08-29T03:21:38","date_gmt":"2022-08-29T03:21:38","guid":{"rendered":"https:\/\/adelacruises.com\/?page_id=6466"},"modified":"2022-08-29T03:21:38","modified_gmt":"2022-08-29T03:21:38","slug":"terms-conditions","status":"publish","type":"page","link":"https:\/\/letheatrecruises.com\/es\/terms-conditions\/","title":{"rendered":"T\u00e9rminos y condiciones"},"content":{"rendered":"<p>Estas Condiciones de Reserva, junto con nuestra pol\u00edtica de privacidad y cualquier otra informaci\u00f3n escrita que le hayamos proporcionado antes de confirmar su reserva, detallan su reserva con Adela Boutique Cruise. L\u00e9alas detenidamente, ya que establecen nuestros respectivos derechos y obligaciones. En estas Condiciones de Reserva, las referencias a &quot;usted&quot; y &quot;su&quot; incluyen a la primera persona nombrada en la reserva y a todas las personas en cuyo nombre se realiza la reserva o a cualquier otra persona a quien se a\u00f1ada o transfiera una reserva.<\/p>\n<p>Al realizar una reserva, la primera persona nombrada en la reserva acepta en nombre de todas las personas detalladas en la reserva que:<\/p>\n<ul>\n<li>\u00c9l\/ella ha le\u00eddo estos t\u00e9rminos y condiciones y tiene la autoridad para y acepta estar sujeto a ellos.<\/li>\n<li>\u00c9l\/ella consiente nuestro uso de la informaci\u00f3n de acuerdo con nuestra Pol\u00edtica de Privacidad<\/li>\n<li>\u00c9l\/ella tiene m\u00e1s de 18 a\u00f1os de edad y al realizar un pedido de servicios con restricciones de edad declara que \u00e9l\/ella y todos los miembros del grupo tienen la edad apropiada para comprar esos servicios.<\/li>\n<\/ul>\n<h2>I. Reserva<\/h2>\n<p>Al realizar una reserva, confirma que tiene la autoridad para aceptar y acepta estas condiciones en su nombre y en el de todos los miembros de su grupo. Adem\u00e1s, si realiza una reserva para m\u00e1s de una persona, es responsable de todos los pagos adeudados por cada miembro de su grupo. Es su responsabilidad garantizar que toda la informaci\u00f3n que nos proporcione sea precisa y que la informaci\u00f3n que le proporcionemos nosotros o cualquiera de nuestros proveedores se transmita a todos los miembros de su grupo.<\/p>\n<p>Al realizar su reserva, deber\u00e1 abonar el dep\u00f3sito correspondiente o el pago completo, seg\u00fan lo especificado al momento de la misma. No se formalizar\u00e1 ning\u00fan contrato hasta que aceptemos su reserva y recibamos su dep\u00f3sito o pago completo con fondos disponibles y le emitamos una factura de confirmaci\u00f3n, ya sea en nuestro nombre o en el del proveedor correspondiente.<\/p>\n<p>Por favor, verifique que todos los nombres, fechas y horarios sean correctos al recibir todos los documentos e inf\u00f3rmenos de cualquier error de inmediato, ya que no se podr\u00e1n realizar cambios posteriormente y podr\u00edan perjudicar sus derechos si no se nos notifica de inmediato cualquier inexactitud en alg\u00fan documento. Aseg\u00farese de que los nombres indicados coincidan con los del pasaporte correspondiente.<\/p>\n<p>La informaci\u00f3n de reserva que nos proporcione se transmitir\u00e1 \u00fanicamente a los proveedores de sus planes de viaje o a otras personas necesarias para la organizaci\u00f3n de sus planes. Por lo tanto, esta informaci\u00f3n podr\u00e1 ser compartida con autoridades p\u00fablicas, como aduanas o inmigraci\u00f3n, si as\u00ed lo requieren o seg\u00fan lo exija la ley. Esto se aplica a cualquier informaci\u00f3n sensible que nos proporcione, como detalles sobre discapacidades o requisitos diet\u00e9ticos y religiosos. Cierta informaci\u00f3n tambi\u00e9n podr\u00e1 ser compartida con empresas de seguridad o de verificaci\u00f3n de cr\u00e9dito.<\/p>\n<h2><strong>II. Pago\u00a0<\/strong><\/h2>\n<h3>\n<strong>2.1 Forma de pago<\/strong><\/h3>\n<p>Aceptamos tarjetas de cr\u00e9dito (Amex, Visa, MasterCard) y transferencias bancarias. Tenga en cuenta que, si bien Hanoi By Locals no cobra comisiones por procesamiento de pagos, podr\u00eda incurrir en cargos transfronterizos establecidos por su banco o proveedor de tarjeta de cr\u00e9dito al usar su tarjeta para realizar un pago en l\u00ednea. Estos cargos son establecidos por su banco o proveedor de tarjeta de cr\u00e9dito y no por Adela Boutique Cruise. Estos cargos no son reembolsables. Si no est\u00e1 seguro de si incurrir\u00e1 en cargos transfronterizos, comun\u00edquese con su banco antes de realizar un pago en l\u00ednea. Si prefiere realizar un pago mediante transferencia bancaria, comun\u00edquese con nuestro departamento de atenci\u00f3n al cliente para obtener m\u00e1s informaci\u00f3n.<\/p>\n<p>Una vez que se ha creado una reserva y se ha pagado el dep\u00f3sito inicial o el saldo total, ya no se puede cambiar la moneda de esa reserva. En caso de errores de facturaci\u00f3n inform\u00e1ticos o humanos, nos reservamos el derecho de volver a facturar a los participantes con la facturaci\u00f3n corregida.<\/p>\n<h3><strong>2.2 Pol\u00edtica de tarjetas de cr\u00e9dito<\/strong><\/h3>\n<p>Al autorizar y realizar el pago con tarjeta de cr\u00e9dito, usted acepta expresamente renunciar a sus derechos, bajo cualquier acuerdo del titular de la tarjeta o la legislaci\u00f3n aplicable, de cancelar o suspender posteriormente cualquier transacci\u00f3n con tarjeta de cr\u00e9dito. Asimismo, autoriza expresamente a Adela Boutique Cruise a presentar esta documentaci\u00f3n al banco o al emisor de la tarjeta de cr\u00e9dito como prueba de que acepta que dicha transacci\u00f3n es definitiva y no est\u00e1 sujeta a reembolso, reducci\u00f3n, cancelaci\u00f3n ni revocaci\u00f3n, salvo lo dispuesto espec\u00edficamente en estos T\u00e9rminos y Condiciones. Adela Boutique Cruise se reserva el derecho de cargar el pago final a la tarjeta de cr\u00e9dito en caso de que el titular no realice el pago en la fecha de vencimiento.<\/p>\n<h3><strong>2.3 Pago del dep\u00f3sito<\/strong><\/h3>\n<p>Si el valor total de su reserva es inferior a 300 USD, deber\u00e1 realizar el pago completo al momento de realizar la reserva.<br \/>\nSi el valor total de su reserva supera los 300 USD, deber\u00e1 realizar un pago 50% al momento de realizar la reserva. Las reservas no se considerar\u00e1n firmes hasta que se reciba dicho dep\u00f3sito.<\/p>\n<h3>\n<strong>2.4 Pago final<\/strong><\/h3>\n<p>El pago final para reservas individuales debe ser recibido por Adela Boutique Cruise tres (03) d\u00edas antes de la fecha de inicio del tour.<\/p>\n<p>Para reservas de grupo, Adela Boutique Cruise debe recibir el pago final quince (15) d\u00edas antes del inicio del tour. Para ser elegible, una persona debe actuar como gu\u00eda tur\u00edstico designado y ser responsable del grupo, adem\u00e1s de realizar todos los pagos a Adela Boutique Cruise, seg\u00fan los T\u00e9rminos y Condiciones, en nombre de todos los acompa\u00f1antes del grupo.<\/p>\n<p>Si no se recibe el pago final a tiempo, su reserva podr\u00e1 ser liberada y la nueva reserva quedar\u00e1 sujeta a la disponibilidad final.<\/p>\n<h2><strong>III. Pol\u00edtica de cancelaci\u00f3n\u00a0<\/strong><\/h2>\n<p>Cada paquete tur\u00edstico tiene diferentes pol\u00edticas de cancelaci\u00f3n que se aplican seg\u00fan la proximidad a la fecha de salida. Consulte el paquete tur\u00edstico espec\u00edfico para conocer los cargos por cancelaci\u00f3n.<\/p>\n<p>Un cambio en su fecha de salida se considera una cancelaci\u00f3n de su reserva y est\u00e1 sujeto a las tarifas de cancelaci\u00f3n aplicables.<\/p>\n<h2><strong>IV. Reembolso\u00a0<\/strong><\/h2>\n<p>No se realizar\u00e1n reembolsos en caso de interrupci\u00f3n o cancelaci\u00f3n del tour por parte del pasajero el d\u00eda de inicio, ni por las partes no utilizadas de ning\u00fan paquete, ni por las visitas tur\u00edsticas o comidas no utilizadas. No se realizar\u00e1n reembolsos por tours, traslados o alojamiento no utilizados cuando el pasajero los cancele u omita voluntariamente, por la p\u00e9rdida de caracter\u00edsticas del paquete debido a retrasos de la aerol\u00ednea u otros proveedores de transporte externos, o por otras causas ajenas a nuestra voluntad. No se emitir\u00e1n reembolsos por cancelaciones recibidas despu\u00e9s de la fecha de salida del tour. Si cancela su tour, se deducir\u00e1n de su reembolso los cargos por cancelaci\u00f3n y las penalizaciones. Los cargos por cancelaci\u00f3n se aplican por persona.<\/p>\n<p>Debido a la fluctuaci\u00f3n de los tipos de cambio, el monto del reembolso que reciba puede ser ligeramente menor o mayor que el monto que realmente pag\u00f3, ya que lo basamos en su pago cambiado a Dong vietnamita para realizar un reembolso.<\/p>\n<h2><strong>V. Precisi\u00f3n\u00a0<\/strong><\/h2>\n<p>Nos esforzamos por garantizar que toda la informaci\u00f3n y los precios, tanto en nuestro sitio web como en nuestros folletos, sean precisos. Sin embargo, ocasionalmente se producen cambios y errores, por lo que nos reservamos el derecho a corregir los precios y otros detalles en tales circunstancias. Debe consultar el precio actual y todos los dem\u00e1s detalles relacionados con los servicios que desea reservar antes de confirmar su reserva.<\/p>\n<h2><strong>VI. Solicitudes especiales\u00a0<\/strong><\/h2>\n<p>Si tiene alguna solicitud especial, inf\u00f3rmenos al realizar la reserva. La comunicaremos al proveedor o a sus representantes, pero no garantizamos su cumplimiento y, en caso contrario, no asumimos ninguna responsabilidad ante usted.<\/p>\n<h2><strong>VII. Seguros\u00a0<\/strong><\/h2>\n<p>Para reservar con nosotros, es requisito indispensable contar con un seguro de viaje adecuado. Debe contratar una p\u00f3liza que le cubra a usted y a su grupo los gastos de cancelaci\u00f3n, asistencia (incluida la repatriaci\u00f3n) en caso de accidente o enfermedad, p\u00e9rdida de equipaje y dinero, y otros gastos. La falta de informaci\u00f3n relevante afectar\u00e1 su seguro. Usted se compromete a proporcionarnos una copia de su p\u00f3liza de seguro si se la solicitamos.<\/p>\n<p>Tenga en cuenta que no revisamos las p\u00f3lizas de seguro. Si decide viajar sin la cobertura adecuada, no nos responsabilizaremos de ninguna p\u00e9rdida que, de otro modo, hubiera estado cubierta.<\/p>\n<h2><strong>VIII. Garant\u00eda y Salida\u00a0<\/strong><\/h2>\n<p>Para los tours que est\u00e1n marcados con salidas diarias est\u00e1n garantizadas.<\/p>\n<p>Debido a los viajeros en un tour espec\u00edfico, nos reservamos el derecho absoluto de cambiar el tipo o estilo de transporte u otros elementos, para permitir que el tour funcione.<\/p>\n<h2>IX. Alojamiento<\/h2>\n<p>En cualquiera de nuestros tours, el alojamiento se proporciona en habitaci\u00f3n doble, que puede ser dos camas individuales o una cama doble.<\/p>\n<p>Dos viajeros que reserven juntos se alojar\u00e1n en una habitaci\u00f3n doble. Tres viajeros que reserven juntos se alojar\u00e1n de la siguiente manera: dos viajeros se alojar\u00e1n en una habitaci\u00f3n doble; la tercera persona se alojar\u00e1 en una habitaci\u00f3n compartida para personas del mismo sexo. Asignaremos a la tercera persona a una habitaci\u00f3n compartida a nuestra discreci\u00f3n, a menos que se nos indique por escrito con qui\u00e9n compartir\u00e1 la habitaci\u00f3n.<\/p>\n<p>Se pueden solicitar habitaciones triples por escrito, pero no se garantizan en todos los lugares, en cuyo caso se aplica la situaci\u00f3n anterior. La mayor\u00eda de los hoteles disponen de habitaciones que admiten camas supletorias si se requiere. Estas camas supletorias pueden ser literas, camas plegables o sof\u00e1s cama. A\u00f1adir una cama supletoria puede limitar el espacio disponible.<\/p>\n<p>Los viajeros individuales se alojar\u00e1n en habitaciones dobles del mismo sexo, emparejadas con otro viajero individual, a menos que paguen un suplemento por habitaci\u00f3n individual. Las habitaciones individuales no siempre son iguales en tama\u00f1o ni en comodidades a las habitaciones con dos camas individuales.<\/p>\n<p>Tenga en cuenta que, en algunos hoteles, los ascensores podr\u00edan no llegar directamente a todas las plantas, por lo que el acceso a ellas podr\u00eda ser solo por escalera. Tenga en cuenta que el servicio de botones no es est\u00e1ndar y no est\u00e1 disponible en muchos hoteles.<\/p>\n<p>Las calificaciones del alojamiento se muestran tal como las proporciona el proveedor. Su objetivo es ofrecer una gu\u00eda de los servicios e instalaciones que puede esperar de su alojamiento. Los est\u00e1ndares y las calificaciones pueden variar seg\u00fan el pa\u00eds y el proveedor. No podemos garantizar la exactitud de las calificaciones proporcionadas y no se ofrece ninguna garant\u00eda impl\u00edcita ni impl\u00edcita.<\/p>\n<p>Las normas de seguridad en Vietnam pueden ser diferentes a las de su pa\u00eds. Recomendamos encarecidamente a todos los clientes que, para minimizar el riesgo de lesiones, se familiaricen con la informaci\u00f3n de seguridad pertinente que pueda estar publicada en el hotel o en cualquier otro lugar.<\/p>\n<h2><strong>X. Comida\u00a0<\/strong><\/h2>\n<p>Las comidas est\u00e1n incluidas seg\u00fan lo estipulado en el itinerario del tour. Consulte el itinerario espec\u00edfico de su tour en nuestro sitio web para obtener m\u00e1s informaci\u00f3n sobre las comidas incluidas. Ofrecemos opciones vegetarianas, as\u00ed que inf\u00f3rmenos al momento de la reserva y a su gu\u00eda al inicio del tour. Se pueden adaptar las necesidades diet\u00e9ticas de ciertas religiones ofreciendo la opci\u00f3n vegetariana. Las comidas no incluidas corren por su cuenta. Esto le permite probar la gastronom\u00eda local.<\/p>\n<h2><strong>XI. Aptitud para viajar, edad y condiciones m\u00e9dicas.\u00a0<\/strong><\/h2>\n<p>Si tiene alguna condici\u00f3n m\u00e9dica, discapacidad o requisitos especiales que puedan afectar sus vacaciones, inf\u00f3rmenos antes de confirmar su reserva, ya que podremos realizar consultas al proveedor sobre la idoneidad de los arreglos para usted y brindarle respuestas antes de la reserva.<\/p>\n<p>Tambi\u00e9n se espera que los clientes acepten que los componentes descritos constituyen \u201cViajes de Aventura\u201d y que los viajes y las instalaciones en otros pa\u00edses no ser\u00e1n demasiado similares a los est\u00e1ndares a los que pueden estar acostumbrados en su pa\u00eds de origen.<\/p>\n<p>A las personas mayores de 65 a\u00f1os se les podr\u00eda solicitar un comprobante m\u00e9dico de aptitud para viajar en ciertos itinerarios. Se aceptan menores de 18 a\u00f1os en algunos tours grupales que operamos a nuestra discreci\u00f3n, siempre que est\u00e9n acompa\u00f1ados por un padre o tutor que asuma la plena responsabilidad por ellos. No se aceptar\u00e1n menores no acompa\u00f1ados. Tenemos edades recomendadas para participar en tours grupales que solo act\u00faan como gu\u00edas. Tenga en cuenta que no se aceptar\u00e1n menores de 6 a\u00f1os en nuestros tours a menos que se solicite formalmente por escrito. Tripazia se reserva el derecho de permitir o rechazar la participaci\u00f3n de viajeros m\u00e1s j\u00f3venes en nuestros tours a nuestra discreci\u00f3n.<\/p>\n<p>Todos los itinerarios pueden incluir muchas caminatas y actividades. Caminar o andar en bicicleta puede durar hasta tres horas, y es inevitable caminar hasta hoteles y restaurantes.<\/p>\n<p>Los clientes se comprometen a aceptar la autoridad y las decisiones de nuestros empleados, gu\u00edas tur\u00edsticos y agentes durante su viaje con nosotros. Si, en opini\u00f3n de una de estas personas, la salud o la conducta de un cliente, antes o despu\u00e9s de la salida, pudiera poner en peligro la seguridad, la comodidad o el disfrute del viaje, el cliente podr\u00eda ser excluido total o parcialmente del mismo, sin derecho a reembolso. En caso de enfermedad, podremos tomar las medidas que consideremos oportunas y recuperaremos los gastos del cliente.<\/p>\n<p>Si un cliente es excluido del tour seg\u00fan lo indicado anteriormente, decide abandonarlo por voluntad propia o por problemas de salud o cualquier otro motivo, no se reembolsar\u00e1 el precio del tour, los servicios adicionales, los recargos, los pagos\/fondos locales ni ning\u00fan otro recargo local. Se perder\u00e1n todos los servicios que forman parte del paquete completo reservado, aunque en algunas circunstancias podr\u00e1n recuperarse a trav\u00e9s de un seguro de viaje.<\/p>\n<h2><strong>XII. Comportamiento\u00a0<\/strong><\/h2>\n<p>Tenga en cuenta que las condiciones de reserva del proveedor suelen indicar que sus vacaciones pueden ser canceladas, sin reembolso, si el comportamiento de su grupo no es aceptable. Los proveedores tambi\u00e9n suelen exigirle que pague por cualquier da\u00f1o que cause al alojamiento o a los servicios. No tenemos ninguna obligaci\u00f3n con usted si se produce un incidente como este. Usted se compromete a indemnizarnos por el importe total de cualquier reclamaci\u00f3n (incluidas las costas legales) que el proveedor o un tercero presenten contra nosotros como resultado de su conducta.<\/p>\n<p>Se espera que todos los participantes en los tours operados por nosotros obedezcan las leyes y regulaciones de Vietnam y cualquier incumplimiento puede liberarnos de cualquier obligaci\u00f3n que de otra manera puedan tener bajo estas condiciones de reserva.<\/p>\n<h2><strong>XIII. Pasaporte, visado y salud\u00a0<\/strong><\/h2>\n<p>Podemos brindarle informaci\u00f3n general sobre los requisitos de pasaporte y visa para su viaje, pero esto es s\u00f3lo una orientaci\u00f3n y sigue siendo su responsabilidad verificar los requisitos antes de viajar.<\/p>\n<p>Sus requisitos espec\u00edficos de pasaporte, visa y otros requisitos de inmigraci\u00f3n son su responsabilidad y debe confirmarlos con las embajadas o consulados pertinentes antes de viajar. Ni nosotros ni el proveedor asumimos ninguna responsabilidad si no puede viajar por no haber cumplido con los requisitos de pasaporte, visa o inmigraci\u00f3n, y se aplicar\u00e1n los cargos de cancelaci\u00f3n habituales.<\/p>\n<p>Podemos proporcionarle informaci\u00f3n general sobre los tr\u00e1mites sanitarios necesarios para su viaje, pero deber\u00e1 consultar con su propio m\u00e9dico sobre sus circunstancias espec\u00edficas.<\/p>\n<h2><strong>XIV. Arreglo final del viaje\u00a0<\/strong><\/h2>\n<p>Aseg\u00farese de que todos sus documentos de viaje, pasaporte, visa y seguro est\u00e9n en regla y de llegar con tiempo suficiente para registrarse en el punto de salida correspondiente.<\/p>\n<p>Para prepararse completamente para su tour, Adela Boutique Cruise le recomienda encarecidamente leer nuestras Preguntas Frecuentes y descargar la documentaci\u00f3n previa al tour, disponible en el sitio web. La documentaci\u00f3n m\u00e1s actualizada se encuentra en el sitio web y debe descargarse al menos 5 d\u00edas antes de la salida para asegurarse de tener la informaci\u00f3n m\u00e1s correcta y actualizada.<\/p>\n<h2><strong>XV. Quejas\u00a0<\/strong><\/h2>\n<p>Si ha reservado un paquete tur\u00edstico o una actividad individual con nosotros, informe inmediatamente a su gu\u00eda tur\u00edstico sobre cualquier duda o inquietud o cont\u00e1ctenos a trav\u00e9s de los n\u00fameros de contacto que aparecen en nuestro sitio web. Si su queja no se resuelve localmente, escr\u00edbanos dentro de los 14 d\u00edas posteriores a su regreso a casa, indicando su referencia de reserva y toda la informaci\u00f3n pertinente. Le recomendamos encarecidamente que comunique cualquier queja a nuestro gu\u00eda tur\u00edstico sin demora durante el tour. Si no sigue este procedimiento, no podremos investigar y rectificar su queja durante el tour, lo que podr\u00eda afectar sus derechos en virtud de este contrato.<\/p>\n<h2><strong>XVI. Objetos perdidos\u00a0<\/strong><\/h2>\n<p>Adela Boutique Cruise y su personal no se responsabilizan por la p\u00e9rdida o da\u00f1o de los art\u00edculos tra\u00eddos durante el tour. Es responsabilidad exclusiva de todos los pasajeros contratar un seguro adecuado para todos sus objetos de valor antes de la salida. Si olvida alg\u00fan objeto en alguno de nuestros hoteles asociados durante el tour, es su responsabilidad contactar con el hotel correspondiente para gestionar su devoluci\u00f3n. Hanoi By Locals le ayudar\u00e1 en la medida de lo posible a localizar los art\u00edculos perdidos. Si se encuentra el art\u00edculo, se le enviar\u00e1 por correo. Usted acepta pagar todos los gastos de env\u00edo correspondientes. Adela Boutique Cruise no se responsabiliza de ayudarle con sus objetos perdidos ni de la p\u00e9rdida o da\u00f1o de su equipaje durante el viaje en nuestros veh\u00edculos o transporte p\u00fablico.<\/p>\n<h2><strong>XVII. Fuerza mayor\u00a0<\/strong><\/h2>\n<p>Salvo que se indique expresamente lo contrario en estas condiciones de reserva, no seremos responsables ni le pagaremos ninguna compensaci\u00f3n si nuestras obligaciones contractuales con usted se ven afectadas por cualquier evento que nosotros o el proveedor del servicio en cuesti\u00f3n no pudi\u00e9ramos prever o evitar, ni siquiera con la debida diligencia. Estos eventos pueden incluir, entre otros, guerra, amenaza de guerra, conflictos civiles, actividad terrorista y sus consecuencias o la amenaza de dicha actividad, disturbios, actos de cualquier gobierno u otra autoridad nacional o local, incluidas las autoridades portuarias o fluviales, conflictos laborales, cierre de esclusas, desastres naturales o nucleares, incendios, desastres qu\u00edmicos o biol\u00f3gicos y cualquier evento similar ajeno a nuestro control o al del proveedor en cuesti\u00f3n.<\/p>\n<h2><strong>XVIII. Ley y jurisdicci\u00f3n\u00a0<\/strong><\/h2>\n<p>Estos t\u00e9rminos y condiciones se rigen por la ley vietnamita y cualquier disputa que surja entre las partes est\u00e1 sujeta a la jurisdicci\u00f3n exclusiva de los tribunales de V<\/p>\n<p>Si alguna exclusi\u00f3n o limitaci\u00f3n contenida en estas Condiciones se considera, total o parcialmente, ilegal, nula o, por cualquier otra raz\u00f3n, inaplicable para cualquier fin, dicha exclusi\u00f3n o limitaci\u00f3n, o la parte en cuesti\u00f3n, se considerar\u00e1 divisible y se omitir\u00e1 de estas Condiciones para dicho fin. Dicha omisi\u00f3n no afectar\u00e1 la validez, eficacia ni aplicabilidad de las dem\u00e1s disposiciones de estas Condiciones.<\/p>\n<h2><strong>XIX. Condiciones de los proveedores\u00a0<\/strong><\/h2>\n<p>Muchos de los servicios que componen sus vacaciones son proporcionados por proveedores independientes. Estos proveedores prestan estos servicios de acuerdo con sus propios t\u00e9rminos y condiciones, que formar\u00e1n parte de su contrato con nosotros. Algunos de estos t\u00e9rminos y condiciones pueden limitar o excluir la responsabilidad del proveedor ante usted, generalmente de conformidad con los Convenios Internacionales aplicables. Puede solicitar copias de las partes pertinentes de estos t\u00e9rminos y condiciones a nosotros o al proveedor correspondiente.<\/p>\n<h2><strong>XX.Pol\u00edtica de Protecci\u00f3n de Datos y Privacidad\u00a0<\/strong><\/h2>\n<p>Asumimos la plena responsabilidad de garantizar que se implementen las medidas de seguridad adecuadas para proteger su informaci\u00f3n personal. La informaci\u00f3n de reserva que nos proporcione se transmitir\u00e1 \u00fanicamente a los proveedores de sus planes de viaje u otras personas necesarias para la organizaci\u00f3n de sus planes de viaje. Por lo tanto, esta informaci\u00f3n podr\u00e1 ser proporcionada a las autoridades p\u00fablicas si as\u00ed lo requieren o seg\u00fan lo exija la ley. Esto se aplica a cualquier informaci\u00f3n sensible que nos proporcione, como detalles sobre discapacidades o requisitos diet\u00e9ticos y religiosos. Cierta informaci\u00f3n tambi\u00e9n podr\u00e1 ser transmitida a empresas de seguridad o de verificaci\u00f3n de cr\u00e9dito.<\/p>\n<h2><strong>XXI. Fotograf\u00edas y v\u00eddeos\u00a0<\/strong><\/h2>\n<p>Tripazia y nuestros proveedores frecuentemente filman o graban a los pasajeros y sus actividades durante el crucero. Se pueden obtener copias de dichas fotograf\u00edas por un m\u00f3dico precio. Como pasajero nuestro, Adela Boutique Cruise queda autorizado a tomar y utilizar dichas fotograf\u00edas con fines de marketing y capacitaci\u00f3n sin obligaci\u00f3n de compensar al pasajero.<\/p>","protected":false},"excerpt":{"rendered":"<p>These Booking Conditions, together with our privacy policy and any other written information we brought to your attention before we confirmed your booking, set out the details of your booking with Adela Boutique Cruise. Please read them carefully as they set out our respective rights and obligations. In these Booking Conditions references to \u201cyou\u201d and [&hellip;]<\/p>","protected":false},"author":1,"featured_media":0,"parent":0,"menu_order":0,"comment_status":"closed","ping_status":"closed","template":"","meta":{"footnotes":""},"class_list":["post-6466","page","type-page","status-publish","hentry","post-no-thumbnail"],"_links":{"self":[{"href":"https:\/\/letheatrecruises.com\/es\/wp-json\/wp\/v2\/pages\/6466","targetHints":{"allow":["GET"]}}],"collection":[{"href":"https:\/\/letheatrecruises.com\/es\/wp-json\/wp\/v2\/pages"}],"about":[{"href":"https:\/\/letheatrecruises.com\/es\/wp-json\/wp\/v2\/types\/page"}],"author":[{"embeddable":true,"href":"https:\/\/letheatrecruises.com\/es\/wp-json\/wp\/v2\/users\/1"}],"replies":[{"embeddable":true,"href":"https:\/\/letheatrecruises.com\/es\/wp-json\/wp\/v2\/comments?post=6466"}],"version-history":[{"count":0,"href":"https:\/\/letheatrecruises.com\/es\/wp-json\/wp\/v2\/pages\/6466\/revisions"}],"wp:attachment":[{"href":"https:\/\/letheatrecruises.com\/es\/wp-json\/wp\/v2\/media?parent=6466"}],"curies":[{"name":"wp","href":"https:\/\/api.w.org\/{rel}","templated":true}]}}