{"id":6205,"date":"2022-06-17T10:39:01","date_gmt":"2022-06-17T10:39:01","guid":{"rendered":"https:\/\/adelacruises.com\/hai-trinh-2-ngay-1-dem-kham-pha-vinh-lan-ha\/"},"modified":"2022-10-24T09:53:35","modified_gmt":"2022-10-24T09:53:35","slug":"hai-trinh-2-ngay-1-dem","status":"publish","type":"page","link":"https:\/\/letheatrecruises.com\/it\/hai-trinh-2-ngay-1-dem\/","title":{"rendered":"H\u1ea3i tr\u00ecnh V\u1ecbnh Lan H\u1ea1 2 ng\u00e0y 1 \u0111\u00eam"},"content":{"rendered":"<div data-elementor-type=\"wp-page\" data-elementor-id=\"6205\" class=\"elementor elementor-6205\" data-elementor-post-type=\"page\">\n\t\t\t\t\t\t<section class=\"elementor-section elementor-top-section elementor-element elementor-element-7c94fb6e elementor-section-boxed elementor-section-gap-beside-yes elementor-section-height-default elementor-section-height-default elementor-section-column-vertical-align-stretch\" data-id=\"7c94fb6e\" data-element_type=\"section\">\n\t\t\t\t\t\t<div class=\"elementor-container elementor-column-gap-extended\">\n\t\t\t\t\t<div class=\"elementor-column elementor-col-100 elementor-top-column elementor-element elementor-element-1b899d1\" data-id=\"1b899d1\" data-element_type=\"column\">\n\t\t\t<div class=\"elementor-widget-wrap elementor-element-populated\">\n\t\t\t\t\t\t<div class=\"elementor-element elementor-element-286bbec elementor-widget__width-initial elementor-invisible elementor-widget elementor-widget-text-editor\" data-id=\"286bbec\" data-element_type=\"widget\" data-settings=\"{&quot;_animation&quot;:&quot;nussFadeInUp&quot;}\" data-widget_type=\"text-editor.default\">\n\t\t\t\t<div class=\"elementor-widget-container\">\n\t\t\t\t\t\t\t\t\t<p>H\u00e0nh tr\u00ecnh 2 ng\u00e0y 1 \u0111\u00eam kh\u00e1m ph\u00e1 v\u1ebb \u0111\u1eb9p nguy\u00ean s\u01a1 c\u1ee7a V\u1ecbnh Lan H\u1ea1 v\u00e0 tr\u1ea3i nghi\u1ec7m c\u00e1c ho\u1ea1t \u0111\u1ed9ng th\u00fa v\u1ecb tr\u00ean bi\u1ec3n<\/p>\t\t\t\t\t\t\t\t<\/div>\n\t\t\t\t<\/div>\n\t\t\t\t\t<\/div>\n\t\t<\/div>\n\t\t\t\t\t<\/div>\n\t\t<\/section>\n\t\t\t\t<section class=\"elementor-section elementor-top-section elementor-element elementor-element-359b0a7e elementor-section-boxed elementor-section-gap-beside-yes elementor-section-height-default elementor-section-height-default elementor-section-column-vertical-align-stretch\" data-id=\"359b0a7e\" data-element_type=\"section\">\n\t\t\t\t\t\t<div class=\"elementor-container elementor-column-gap-extended\">\n\t\t\t\t\t<div class=\"elementor-column elementor-col-50 elementor-top-column elementor-element elementor-element-1c67fbdf\" data-id=\"1c67fbdf\" data-element_type=\"column\">\n\t\t\t<div class=\"elementor-widget-wrap elementor-element-populated\">\n\t\t\t\t\t\t<div class=\"elementor-element elementor-element-3decd2a5 elementor-invisible nuss-elementor-loading nuss-slide-in-right elementor-widget elementor-widget-image\" data-id=\"3decd2a5\" data-element_type=\"widget\" data-settings=\"{&quot;_animation&quot;:&quot;nussSlideInRight&quot;}\" data-widget_type=\"image.default\">\n\t\t\t\t<div class=\"elementor-widget-container\">\n\t\t\t\t\t\t\t\t\t\t\t\t\t\t\t<img decoding=\"async\" src=\"http:\/\/adelacruises.com\/wp-content\/uploads\/2022\/06\/Adela-Boutique-Cruise-Lan-Ha-Bay-1.jpg\" title=\"\" alt=\"Adela Boutique Cruise\" loading=\"lazy\" \/>\t\t\t\t\t\t\t\t\t\t\t\t\t\t\t<\/div>\n\t\t\t\t<\/div>\n\t\t\t\t\t<\/div>\n\t\t<\/div>\n\t\t\t\t<div class=\"elementor-column elementor-col-50 elementor-top-column elementor-element elementor-element-59f51819\" data-id=\"59f51819\" data-element_type=\"column\">\n\t\t\t<div class=\"elementor-widget-wrap elementor-element-populated\">\n\t\t\t\t\t\t<div class=\"elementor-element elementor-element-fb32f24 elementor-invisible elementor-widget elementor-widget-nuss-heading\" data-id=\"fb32f24\" data-element_type=\"widget\" data-settings=\"{&quot;_animation&quot;:&quot;nussFadeInUp&quot;}\" data-widget_type=\"nuss-heading.default\">\n\t\t\t\t<div class=\"elementor-widget-container\">\n\t\t\t\t\t\t\t<div class=\"nuss-modern-heading\">\r\n\t\t\t\r\n\t\t\t\t\t\t<div class=\"heading-primary-wrap\">\r\n\t\t\t\t<p class=\"heading-primary elementor-heading-title\">NG\u00c0Y 1<\/p>\t\t\t<\/div>\r\n\t\t\r\n\t\t\t\t\t\t<div class=\"heading-divider-wrap\">\r\n\t\t\t\t<div class=\"heading-divider\" style=\"left: 0px;top: 11px\"><\/div>\r\n\t\t\t<\/div>\r\n\t\r\n\t\t\t\t\t<\/div>\r\n\t\t\t\t\t<\/div>\n\t\t\t\t<\/div>\n\t\t\t\t<div class=\"elementor-element elementor-element-1373d2e6 elementor-invisible elementor-widget elementor-widget-heading\" data-id=\"1373d2e6\" data-element_type=\"widget\" data-settings=\"{&quot;_animation&quot;:&quot;nussFadeInUp&quot;}\" data-widget_type=\"heading.default\">\n\t\t\t\t<div class=\"elementor-widget-container\">\n\t\t\t\t\t<h2 class=\"elementor-heading-title elementor-size-default\">TU\u1ea6N CH\u00c2U - V\u1ecaNH LAN H\u1ea0 - HANG S\u00c1NG<\/h2>\t\t\t\t<\/div>\n\t\t\t\t<\/div>\n\t\t\t\t<div class=\"elementor-element elementor-element-3f3f6dcf elementor-invisible elementor-widget elementor-widget-text-editor\" data-id=\"3f3f6dcf\" data-element_type=\"widget\" data-settings=\"{&quot;_animation&quot;:&quot;nussFadeInUp&quot;}\" data-widget_type=\"text-editor.default\">\n\t\t\t\t<div class=\"elementor-widget-container\">\n\t\t\t\t\t\t\t\t\t<ul>\n<li>11:45 &#8211; 12:00 Ch\u00e0o \u0111\u00f3n qu\u00fd kh\u00e1ch t\u1ea1i nh\u00e0 ch\u1edd Du thuy\u1ec1n Adela Boutique t\u1ea1i C\u1ea3ng t\u00e0u Qu\u1ed1c t\u1ebf Tu\u1ea7n Ch\u00e2u, th\u1ef1c hi\u1ec7n c\u00e1c th\u1ee7 t\u1ee5c check-in.<\/li>\n<li>12:00 &#8211; 12:30 Qu\u00fd kh\u00e1ch di chuy\u1ec3n ra Du thuy\u1ec1n b\u1eb1ng t\u00e0u chuy\u1ec3n t\u1ea3i.<\/li>\n<li>12:30 Du thuy\u1ec1n Adela Boutique ch\u00e0o \u0111\u00f3n qu\u00fd kh\u00e1ch. Q\u00fay kh\u00e1ch s\u1ebd nghe c\u00e1c th\u00f4ng tin v\u1ec1 l\u1ecbch tr\u00ecnh, an to\u00e0n cho chuy\u1ebfn \u0111i, sau \u0111\u00f3 nh\u1eadn ph\u00f2ng.<\/li>\n<li>13:00 Th\u01b0\u1edfng th\u1ee9c b\u1eefa tr\u01b0a t\u1ea1i nh\u00e0 h\u00e0ng, Du thuy\u1ec1n b\u1eaft \u0111\u1ea7u h\u00e0nh tr\u00ecnh kh\u00e1m ph\u00e1 V\u1ecbnh Lan H\u1ea1.<\/li>\n<li>14:45 T\u1edbi khu v\u1ef1c Hang S\u00e1ng, Hang T\u1ed1i. T\u1ea1i \u0111\u00e2y, qu\u00fd kh\u00e1ch s\u1ebd tr\u1ea3i nghi\u1ec7m \u0111i \u0111\u00f2 nan c\u00f9ng ng\u01b0\u1eddi d\u00e2n \u0111\u1ecba ph\u01b0\u01a1ng th\u0103m quan Hang S\u00e1ng, m\u1ed9t hang \u0111\u1ed9ng t\u1ef1 nhi\u00ean tuy\u1ec7t \u0111\u1eb9p v\u00e0 y\u00ean b\u00ecnh tr\u00ean V\u1ecbnh Lan H\u1ea1.<\/li>\n<li>16:15 T\u1eafm bi\u1ec3n, tr\u1ea3i nghi\u1ec7m c\u00e1c ho\u1ea1t \u0111\u1ed9ng vui ch\u01a1i tr\u00ean bi\u1ec3n v\u1edbi phao nh\u00fan, b\u1ec3 b\u01a1i phao.<\/li><li>17:00 Tham gia l\u1edbp h\u1ecdc n\u1ea5u \u0103n d\u01b0\u1edbi s\u1ef1 h\u01b0\u1edbng d\u1eabn c\u1ee7a\nc\u00e1c \u0111\u1ea7u b\u1ebfp tr\u00ean du thuy\u1ec1n<\/li>\n<li>17:30 &#8211; 18:30 Qu\u00fd kh\u00e1ch t\u1ef1 do ngh\u1ec9 ng\u01a1i ng\u1eafm ho\u00e0ng h\u00f4n tr\u00ean v\u1ecbnh, th\u01b0\u1edfng th\u1ee9c Sunset party v\u1edbi b\u00e1nh ng\u1ecdt v\u00e0 hoa qu\u1ea3 t\u01b0\u01a1i. \u0110\u1eb7c bi\u1ec7t, qu\u00fd kh\u00e1ch c\u00f3 th\u1ec3 l\u1ef1a ch\u1ecdn c\u00e1c \u0111\u1ed3 u\u1ed1ng \u0111a d\u1ea1ng v\u00e0 h\u1ea5p d\u1eabn trong ch\u01b0\u01a1ng tr\u00ecnh HAPPY HOUR( duy nh\u1ea5t t\u1eeb 17:30-18:30).<\/li>\n<li>19:00 &#8211; 19:15 Th\u01b0\u1edfng th\u1ee9c b\u1eefa t\u1ed1i \u0111\u1eb7c bi\u1ec7t v\u1edbi c\u00e1c m\u00f3n \u0103n h\u1ea3i s\u1ea3n H\u1ea1 Long tr\u00ean t\u1ea7ng th\u01b0\u1ee3ng c\u1ee7a du thuy\u1ec1n, m\u1ed9t tr\u1ea3i nghi\u1ec7m tuy\u1ec7t v\u1eddi gi\u1eefa kh\u00f4ng gian y\u00ean b\u00ecnh c\u1ee7a v\u1ecbnh bi\u1ec3n.<\/li>\n<li>21:00 Sau b\u1eefa t\u1ed1i, qu\u00fd kh\u00e1ch c\u00f3 th\u1ec3 l\u1ef1a ch\u1ecdn tham gia ho\u1ea1t \u0111\u1ed9ng c\u00e2u m\u1ef1c ho\u1eb7c t\u1ef1 do ngh\u1ec9 ng\u01a1i tr\u00ean du thuy\u1ec1n. Ngo\u00e0i ra, qu\u00fd kh\u00e1ch c\u00f3 th\u1ec3 l\u1ef1a ch\u1ecdn s\u1eed d\u1ee5ng d\u1ecbch v\u1ee5 massage (d\u1ecbch v\u1ee5 c\u00f3 tr\u1ea3 ph\u00ed, \u0111\u1eb7t l\u1ecbch tr\u01b0\u1edbc v\u1edbi L\u1ec5 t\u00e2n).<\/li>\n<\/ul>\t\t\t\t\t\t\t\t<\/div>\n\t\t\t\t<\/div>\n\t\t\t\t<div class=\"elementor-element elementor-element-48297a4b elementor-icon-list--layout-traditional elementor-list-item-link-full_width elementor-invisible elementor-widget elementor-widget-icon-list\" data-id=\"48297a4b\" data-element_type=\"widget\" data-settings=\"{&quot;_animation&quot;:&quot;nussFadeInUp&quot;}\" data-widget_type=\"icon-list.default\">\n\t\t\t\t<div class=\"elementor-widget-container\">\n\t\t\t\t\t\t\t<ul class=\"elementor-icon-list-items\">\n\t\t\t\t\t\t\t<li class=\"elementor-icon-list-item\">\n\t\t\t\t\t\t\t\t\t\t\t<span class=\"elementor-icon-list-icon\">\n\t\t\t\t\t\t\t<i aria-hidden=\"true\" class=\"far fa-clock\"><\/i>\t\t\t\t\t\t<\/span>\n\t\t\t\t\t\t\t\t\t\t<span class=\"elementor-icon-list-text\">APERITIVO: 17:30 - 18:30 <\/span>\n\t\t\t\t\t\t\t\t\t<\/li>\n\t\t\t\t\t\t<\/ul>\n\t\t\t\t\t\t<\/div>\n\t\t\t\t<\/div>\n\t\t\t\t\t<\/div>\n\t\t<\/div>\n\t\t\t\t\t<\/div>\n\t\t<\/section>\n\t\t\t\t<section class=\"elementor-section elementor-top-section elementor-element elementor-element-e7a0685 elementor-section-boxed elementor-section-gap-beside-yes elementor-section-height-default elementor-section-height-default elementor-section-column-vertical-align-stretch\" data-id=\"e7a0685\" data-element_type=\"section\">\n\t\t\t\t\t\t<div class=\"elementor-container elementor-column-gap-extended\">\n\t\t\t\t\t<div class=\"elementor-column elementor-col-50 elementor-top-column elementor-element elementor-element-13c77104\" data-id=\"13c77104\" data-element_type=\"column\">\n\t\t\t<div class=\"elementor-widget-wrap elementor-element-populated\">\n\t\t\t\t\t\t<div class=\"elementor-element elementor-element-11b3e87b elementor-invisible elementor-widget elementor-widget-nuss-heading\" data-id=\"11b3e87b\" data-element_type=\"widget\" data-settings=\"{&quot;_animation&quot;:&quot;nussFadeInUp&quot;}\" data-widget_type=\"nuss-heading.default\">\n\t\t\t\t<div class=\"elementor-widget-container\">\n\t\t\t\t\t\t\t<div class=\"nuss-modern-heading\">\r\n\t\t\t\r\n\t\t\t\t\t\t<div class=\"heading-primary-wrap\">\r\n\t\t\t\t<p class=\"heading-primary elementor-heading-title\">NG\u00c0Y  2<\/p>\t\t\t<\/div>\r\n\t\t\r\n\t\t\t\t\t\t<div class=\"heading-divider-wrap\">\r\n\t\t\t\t<div class=\"heading-divider\" style=\"left: 0px;top: 11px\"><\/div>\r\n\t\t\t<\/div>\r\n\t\r\n\t\t\t\t\t<\/div>\r\n\t\t\t\t\t<\/div>\n\t\t\t\t<\/div>\n\t\t\t\t<div class=\"elementor-element elementor-element-18daf82a elementor-invisible elementor-widget elementor-widget-heading\" data-id=\"18daf82a\" data-element_type=\"widget\" data-settings=\"{&quot;_animation&quot;:&quot;nussFadeInUp&quot;}\" data-widget_type=\"heading.default\">\n\t\t\t\t<div class=\"elementor-widget-container\">\n\t\t\t\t\t<h2 class=\"elementor-heading-title elementor-size-default\">TR\u00c0 B\u00c1U - V\u1ecaNH LAN H\u1ea0 - TU\u1ea6N CH\u00c2U<\/h2>\t\t\t\t<\/div>\n\t\t\t\t<\/div>\n\t\t\t\t<div class=\"elementor-element elementor-element-fa17cfa elementor-invisible elementor-widget elementor-widget-text-editor\" data-id=\"fa17cfa\" data-element_type=\"widget\" data-settings=\"{&quot;_animation&quot;:&quot;nussFadeInUp&quot;}\" data-widget_type=\"text-editor.default\">\n\t\t\t\t<div class=\"elementor-widget-container\">\n\t\t\t\t\t\t\t\t\t<ul><li>6:00 \u0110\u00f3n b\u00ecnh minh tr\u00ean v\u1ecbnh, b\u1eaft \u0111\u1ea7u v\u1edbi b\u00e0i t\u1eadp Th\u00e1i C\u1ef1c Quy\u1ec1n mang l\u1ea1i ngu\u1ed3n n\u0103ng l\u01b0\u1ee3ng cho ng\u00e0y m\u1edbi.<\/li><li>6:30 Th\u01b0\u1edfng th\u1ee9c b\u1eefa s\u00e1ng nh\u1eb9 t\u1ea1i nh\u00e0 h\u00e0ng v\u1edbi tr\u00e0, caf\u00e9, b\u00e1nh ng\u1ecdt v\u00e0 hoa qu\u1ea3.<\/li><li>7:00 &#8211; 8:00 Qu\u00fd kh\u00e1ch ch\u00e8o thuy\u1ec1n kayak kh\u00e1m ph\u00e1 khu v\u1ef1c Tr\u00e0 B\u00e1u. \u0110\u00e2y l\u00e0 m\u1ed9t khu v\u1ef1c c\u00f3 c\u1ea3nh quan thi\u00ean nhi\u00ean r\u1ea5t \u0111\u1eb9p \u0111\u1ec3 qu\u00fd kh\u00e1ch th\u0103m quan v\u00e0 tr\u1ea3i nghi\u1ec7m.<\/li><li>9:00 Tr\u1edf l\u1ea1i du thuy\u1ec1n, chu\u1ea9n b\u1ecb h\u00e0nh l\u00fd. Q\u00fay kh\u00e1ch th\u1ef1c hi\u1ec7n c\u00e1c th\u1ee7 t\u1ee5c check out, tr\u1ea3 ph\u00f2ng v\u00e0 thanh to\u00e1n c\u00e1c d\u1ecbch v\u1ee5.<\/li><li>9:30 Th\u01b0\u1edfng th\u1ee9c b\u1eefa tr\u01b0a nh\u1eb9 (brunch) trong khi du thuy\u1ec1n h\u00e0nh tr\u00ecnh v\u1ec1 c\u1ea3ng Tu\u1ea7n Ch\u00e2u.<\/li><li>11:00 Qu\u00fd kh\u00e1ch tr\u1edf v\u1ec1 c\u1ea3ng Tu\u1ea7n Ch\u00e2u, k\u1ebft th\u00fac h\u00e0nh tr\u00ecnh.<\/li><\/ul><p>\u00a0<\/p>\t\t\t\t\t\t\t\t<\/div>\n\t\t\t\t<\/div>\n\t\t\t\t<div class=\"elementor-element elementor-element-a7663ad elementor-invisible elementor-widget elementor-widget-text-editor\" data-id=\"a7663ad\" data-element_type=\"widget\" data-settings=\"{&quot;_animation&quot;:&quot;nussFadeInUp&quot;}\" data-widget_type=\"text-editor.default\">\n\t\t\t\t<div class=\"elementor-widget-container\">\n\t\t\t\t\t\t\t\t\t<p>TH\u1edcI GIAN TR\u1ea2 PH\u00d2NG: 09:00 AM<\/p>\t\t\t\t\t\t\t\t<\/div>\n\t\t\t\t<\/div>\n\t\t\t\t\t<\/div>\n\t\t<\/div>\n\t\t\t\t<div class=\"elementor-column elementor-col-50 elementor-top-column elementor-element elementor-element-ff49f70\" data-id=\"ff49f70\" data-element_type=\"column\">\n\t\t\t<div class=\"elementor-widget-wrap elementor-element-populated\">\n\t\t\t\t\t\t<div class=\"elementor-element elementor-element-3f335d11 elementor-invisible nuss-elementor-loading nuss-slide-in-left elementor-widget elementor-widget-image\" data-id=\"3f335d11\" data-element_type=\"widget\" data-settings=\"{&quot;_animation&quot;:&quot;nussSlideInLeft&quot;}\" data-widget_type=\"image.default\">\n\t\t\t\t<div class=\"elementor-widget-container\">\n\t\t\t\t\t\t\t\t\t\t\t\t\t\t\t<img decoding=\"async\" src=\"http:\/\/adelacruises.com\/wp-content\/uploads\/2021\/06\/Junior-Senior-Suite-19.jpg\" title=\"\" alt=\"\" loading=\"lazy\" \/>\t\t\t\t\t\t\t\t\t\t\t\t\t\t\t<\/div>\n\t\t\t\t<\/div>\n\t\t\t\t\t<\/div>\n\t\t<\/div>\n\t\t\t\t\t<\/div>\n\t\t<\/section>\n\t\t\t\t<section class=\"elementor-section elementor-top-section elementor-element elementor-element-d7b6e9f elementor-section-boxed elementor-section-gap-beside-yes elementor-section-height-default elementor-section-height-default elementor-section-column-vertical-align-stretch\" data-id=\"d7b6e9f\" data-element_type=\"section\">\n\t\t\t\t\t\t<div class=\"elementor-container elementor-column-gap-extended\">\n\t\t\t\t\t<div class=\"elementor-column elementor-col-50 elementor-top-column elementor-element elementor-element-3832930\" data-id=\"3832930\" data-element_type=\"column\">\n\t\t\t<div class=\"elementor-widget-wrap elementor-element-populated\">\n\t\t\t\t\t\t<div class=\"elementor-element elementor-element-24eeec40 elementor-invisible elementor-widget elementor-widget-nuss-heading\" data-id=\"24eeec40\" data-element_type=\"widget\" data-settings=\"{&quot;_animation&quot;:&quot;nussFadeInUp&quot;}\" data-widget_type=\"nuss-heading.default\">\n\t\t\t\t<div class=\"elementor-widget-container\">\n\t\t\t\t\t\t\t<div class=\"nuss-modern-heading\">\r\n\t\t\t\r\n\t\t\t\t\t\t<div class=\"heading-primary-wrap\">\r\n\t\t\t\t<p class=\"heading-primary elementor-heading-title\">BAO G\u1ed2M<\/p>\t\t\t<\/div>\r\n\t\t\r\n\t\t\t\t\t\t<div class=\"heading-divider-wrap\">\r\n\t\t\t\t<div class=\"heading-divider\" style=\"left: 0px;top: 11px\"><\/div>\r\n\t\t\t<\/div>\r\n\t\r\n\t\t\t\t\t<\/div>\r\n\t\t\t\t\t<\/div>\n\t\t\t\t<\/div>\n\t\t\t\t<div class=\"elementor-element elementor-element-3282c2c1 elementor-invisible elementor-widget elementor-widget-text-editor\" data-id=\"3282c2c1\" data-element_type=\"widget\" data-settings=\"{&quot;_animation&quot;:&quot;nussFadeInUp&quot;}\" data-widget_type=\"text-editor.default\">\n\t\t\t\t<div class=\"elementor-widget-container\">\n\t\t\t\t\t\t\t\t\t<p>\u2022 Ph\u00f2ng ngh\u1ec9 ti\u1ec7n nghi \u0111\u1ea7y \u0111\u1ee7, c\u00f3 ban c\u00f4ng ri\u00eang, b\u1ed3n t\u1eafm ri\u00eang view bi\u1ec3n<br \/>\u2022 H\u01b0\u1edbng d\u1eabn vi\u00ean ti\u1ebfng Vi\u1ec7t \u2013 Anh<br \/>\u2022 \u0110\u1ed3 u\u1ed1ng v\u00e0 kh\u0103n l\u1ea1nh ch\u00e0o m\u1eebng <br \/>\u2022 02 chai n\u01b0\u1edbc trong ph\u00f2ng <br \/>\u2022 Tr\u00e0 chi\u1ec1u v\u1edbi b\u00e1nh ng\u1ecdt v\u00e0 hoa qu\u1ea3<br \/>\u2022 04 c\u00e1c b\u1eefa \u0103n theo ch\u01b0\u01a1ng tr\u00ecnh<br \/>\u2022 Thuy\u1ec1n nan, kayak, phao nh\u00fan, b\u1ec3 b\u01a1i phao, c\u00e2u m\u1ef1c, Th\u00e1i c\u1ef1c quy\u1ec1n\u2026 <br \/>\u2022 V\u00e9 th\u0103m quan theo ch\u01b0\u01a1ng tr\u00ecnh <br \/>\u2022 B\u1ea3o hi\u1ec3m theo v\u00e9 h\u00e0nh kh\u00e1ch<\/p>\t\t\t\t\t\t\t\t<\/div>\n\t\t\t\t<\/div>\n\t\t\t\t\t<\/div>\n\t\t<\/div>\n\t\t\t\t<div class=\"elementor-column elementor-col-50 elementor-top-column elementor-element elementor-element-964fbc6\" data-id=\"964fbc6\" data-element_type=\"column\">\n\t\t\t<div class=\"elementor-widget-wrap elementor-element-populated\">\n\t\t\t\t\t\t<div class=\"elementor-element elementor-element-82a2b76 elementor-invisible elementor-widget elementor-widget-nuss-heading\" data-id=\"82a2b76\" data-element_type=\"widget\" data-settings=\"{&quot;_animation&quot;:&quot;nussFadeInUp&quot;}\" data-widget_type=\"nuss-heading.default\">\n\t\t\t\t<div class=\"elementor-widget-container\">\n\t\t\t\t\t\t\t<div class=\"nuss-modern-heading\">\r\n\t\t\t\r\n\t\t\t\t\t\t<div class=\"heading-primary-wrap\">\r\n\t\t\t\t<p class=\"heading-primary elementor-heading-title\">KH\u00d4NG BAO G\u1ed2M<\/p>\t\t\t<\/div>\r\n\t\t\r\n\t\t\t\t\t\t<div class=\"heading-divider-wrap\">\r\n\t\t\t\t<div class=\"heading-divider\" style=\"left: 0px;top: 11px\"><\/div>\r\n\t\t\t<\/div>\r\n\t\r\n\t\t\t\t\t<\/div>\r\n\t\t\t\t\t<\/div>\n\t\t\t\t<\/div>\n\t\t\t\t<div class=\"elementor-element elementor-element-10ee160 elementor-invisible elementor-widget elementor-widget-text-editor\" data-id=\"10ee160\" data-element_type=\"widget\" data-settings=\"{&quot;_animation&quot;:&quot;nussFadeInUp&quot;}\" data-widget_type=\"text-editor.default\">\n\t\t\t\t<div class=\"elementor-widget-container\">\n\t\t\t\t\t\t\t\t\t<p>\u2022 D\u1ecbch v\u1ee5 xe \u0111\u01b0a \u0111\u00f3n t\u1edbi Tu\u1ea7n Ch\u00e2u <br \/>\u2022 \u0110\u1ed3 u\u1ed1ng trong c\u00e1c b\u1eefa \u0103n<br \/>\u2022 Ph\u00ed d\u1ecbch v\u1ee5 (n\u1ebfu mang theo \u0111\u1ed3 \u0103n, \u0111\u1ed3 u\u1ed1ng l\u00ean t\u00e0u) <br \/>\u2022 D\u1ecbch v\u1ee5 massage<br \/>\u2022 Thu\u1ebf VAT (n\u1ebfu y\u00eau c\u1ea7u vi\u1ebft H\u00f3a \u0110\u01a1n)<br \/>\u2022 Ti\u1ec1n tip v\u00e0 c\u00e1c d\u1ecbch v\u1ee5 kh\u00e1c kh\u00f4ng \u0111\u01b0\u1ee3c \u0111\u1ec1 c\u1eadp \u1edf ph\u1ea7n Bao g\u1ed3m<\/p><p>\u00a0<\/p><p>\u00a0<\/p>\t\t\t\t\t\t\t\t<\/div>\n\t\t\t\t<\/div>\n\t\t\t\t\t<\/div>\n\t\t<\/div>\n\t\t\t\t\t<\/div>\n\t\t<\/section>\n\t\t\t\t<section class=\"elementor-section elementor-top-section elementor-element elementor-element-b1fa4b3 elementor-section-boxed elementor-section-gap-beside-yes elementor-section-height-default elementor-section-height-default elementor-section-column-vertical-align-stretch\" data-id=\"b1fa4b3\" data-element_type=\"section\">\n\t\t\t\t\t\t<div class=\"elementor-container elementor-column-gap-extended\">\n\t\t\t\t\t<div class=\"elementor-column elementor-col-100 elementor-top-column elementor-element elementor-element-c5af6e1\" data-id=\"c5af6e1\" data-element_type=\"column\">\n\t\t\t<div class=\"elementor-widget-wrap elementor-element-populated\">\n\t\t\t\t\t\t<div class=\"elementor-element elementor-element-512142f elementor-widget elementor-widget-heading\" data-id=\"512142f\" data-element_type=\"widget\" data-widget_type=\"heading.default\">\n\t\t\t\t<div class=\"elementor-widget-container\">\n\t\t\t\t\t<h3 class=\"elementor-heading-title elementor-size-default\">B\u1ea2N \u0110\u1ed2 H\u1ea2I TR\u00ccNH<\/h3>\t\t\t\t<\/div>\n\t\t\t\t<\/div>\n\t\t\t\t\t<\/div>\n\t\t<\/div>\n\t\t\t\t\t<\/div>\n\t\t<\/section>\n\t\t\t\t<section class=\"elementor-section elementor-top-section elementor-element elementor-element-1f30adc elementor-section-boxed elementor-section-gap-beside-yes elementor-section-height-default elementor-section-height-default elementor-section-column-vertical-align-stretch\" data-id=\"1f30adc\" data-element_type=\"section\">\n\t\t\t\t\t\t<div class=\"elementor-container elementor-column-gap-extended\">\n\t\t\t\t\t<div class=\"elementor-column elementor-col-100 elementor-top-column elementor-element elementor-element-cfd0acd\" data-id=\"cfd0acd\" data-element_type=\"column\">\n\t\t\t<div class=\"elementor-widget-wrap elementor-element-populated\">\n\t\t\t\t\t\t<div class=\"elementor-element elementor-element-10af547 elementor-widget elementor-widget-image\" data-id=\"10af547\" data-element_type=\"widget\" data-widget_type=\"image.default\">\n\t\t\t\t<div class=\"elementor-widget-container\">\n\t\t\t\t\t\t\t\t\t\t\t\t\t\t\t<img decoding=\"async\" src=\"https:\/\/adelacruises.com\/wp-content\/uploads\/2022\/08\/Adela-Cruise-2-day-cruise-map.jpg\" title=\"\" alt=\"2 day 1 night cruise map on Adela Boutique Cruise\" loading=\"lazy\" \/>\t\t\t\t\t\t\t\t\t\t\t\t\t\t\t<\/div>\n\t\t\t\t<\/div>\n\t\t\t\t\t<\/div>\n\t\t<\/div>\n\t\t\t\t\t<\/div>\n\t\t<\/section>\n\t\t\t\t<section class=\"elementor-section elementor-top-section elementor-element elementor-element-bd02274 elementor-section-boxed elementor-section-gap-beside-yes elementor-section-height-default elementor-section-height-default elementor-section-column-vertical-align-stretch\" data-id=\"bd02274\" data-element_type=\"section\">\n\t\t\t\t\t\t<div class=\"elementor-container elementor-column-gap-extended\">\n\t\t\t\t\t<div class=\"elementor-column elementor-col-100 elementor-top-column elementor-element elementor-element-8b84a1c\" data-id=\"8b84a1c\" data-element_type=\"column\">\n\t\t\t<div class=\"elementor-widget-wrap elementor-element-populated\">\n\t\t\t\t\t\t<div class=\"elementor-element elementor-element-3ff6be1 elementor-invisible elementor-widget elementor-widget-nuss-heading\" data-id=\"3ff6be1\" data-element_type=\"widget\" data-settings=\"{&quot;_animation&quot;:&quot;nussFadeInUp&quot;}\" data-widget_type=\"nuss-heading.default\">\n\t\t\t\t<div class=\"elementor-widget-container\">\n\t\t\t\t\t\t\t<div class=\"nuss-modern-heading\">\r\n\t\t\t\r\n\t\t\t\t\t\t<div class=\"heading-primary-wrap\">\r\n\t\t\t\t<p class=\"heading-primary elementor-heading-title\">L\u01afU \u00dd <\/p>\t\t\t<\/div>\r\n\t\t\r\n\t\t\t\t\t\t<div class=\"heading-divider-wrap\">\r\n\t\t\t\t<div class=\"heading-divider\" style=\"left: 0px;top: 11px\"><\/div>\r\n\t\t\t<\/div>\r\n\t\r\n\t\t\t\t\t<\/div>\r\n\t\t\t\t\t<\/div>\n\t\t\t\t<\/div>\n\t\t\t\t<div class=\"elementor-element elementor-element-68b40db elementor-invisible elementor-widget elementor-widget-text-editor\" data-id=\"68b40db\" data-element_type=\"widget\" data-settings=\"{&quot;_animation&quot;:&quot;nussFadeInUp&quot;}\" data-widget_type=\"text-editor.default\">\n\t\t\t\t<div class=\"elementor-widget-container\">\n\t\t\t\t\t\t\t\t\t<h5>L\u1ecaCH TR\u00ccNH TOUR<\/h5><ul><li>Th\u1eddi gian trong l\u1ecbch tr\u00ecnh c\u00f3 t\u00ednh t\u01b0\u01a1ng \u0111\u1ed1i, th\u1eddi gian c\u1ee5 th\u1ec3 s\u1ebd \u0111\u01b0\u1ee3c H\u01b0\u1edbng d\u1eabn vi\u00ean th\u00f4ng b\u00e1o trong chuy\u1ebfn \u0111i.<\/li><li>L\u1ecbch tr\u00ecnh c\u00f3 th\u1ec3 thay \u0111\u1ed5i m\u00e0 kh\u00f4ng b\u00e1o tr\u01b0\u1edbc t\u00f9y thu\u1ed9c v\u00e0o \u0111i\u1ec1u ki\u1ec7n th\u1eddi ti\u1ebft, th\u1ee7y tri\u1ec1u ho\u1eb7c th\u00f4ng b\u00e1o c\u1ee7a Ban qu\u1ea3n l\u00fd V\u1ecbnh H\u1ea1 Long v\u00e0 V\u1ecbnh Lan H\u1ea1.<\/li><\/ul><h5>\u0110\u1ed2 \u0102N TR\u00caN DU THUY\u1ec0N\u00a0<\/h5><ul><li>Ch\u01b0\u01a1ng tr\u00ecnh \u0111\u00e3 bao g\u1ed3m to\u00e0n b\u1ed9 c\u00e1c b\u1eefa \u0103n tr\u00ean t\u00e0u. N\u1ebfu qu\u00fd kh\u00e1ch c\u00f3 y\u00eau c\u1ea7u \u0111\u1eb7c bi\u1ec7t v\u1ec1 ch\u1ebf \u0111\u1ed9 \u0103n u\u1ed1ng, vui l\u00f2ng y\u00eau c\u1ea7u ngay khi \u0111\u1eb7t d\u1ecbch v\u1ee5, ho\u1eb7c b\u00e1o tr\u01b0\u1edbc ng\u00e0y kh\u1edfi h\u00e0nh t\u1ed1i thi\u1ec3u 24 gi\u1edd \u0111\u1ec3 \u0111\u1ea3m b\u1ea3o d\u1ecbch v\u1ee5.<\/li><li>Du thuy\u1ec1n s\u1ebd t\u00ednh ph\u00ed d\u1ecbch v\u1ee5 khi qu\u00fd kh\u00e1ch mang theo \u0111\u1ed3 u\u1ed1ng l\u00ean t\u00e0u, vui l\u00f2ng th\u00f4ng tin v\u1edbi Ph\u00f2ng kinh doanh khi \u0111\u1eb7t d\u1ecbch v\u1ee5 ho\u1eb7c Qu\u1ea3n l\u00fd t\u00e0u khi l\u00e0m th\u1ee7 t\u1ee5c check-in.<\/li><\/ul><h5>\u0110\u1ed2 D\u00d9NG MANG THEO\u00a0<\/h5><ul><li>Ch\u1ee9ng minh nh\u00e2n d\u00e2n \/ C\u0103n c\u01b0\u1edbc c\u00f4ng d\u00e2n \/ H\u1ed9 chi\u1ebfu (y\u00eau c\u1ea7u khi l\u00e0m th\u1ee7 t\u1ee5c check-in).<\/li><li>\u0110\u1ed3 d\u00f9ng n\u00ean mang theo: k\u00ednh m\u00e1t, m\u0169, \u0111\u1ed3 b\u01a1i, kem ch\u1ed1ng n\u1eafng, m\u00e1y \u1ea3nh\u2026<\/li><\/ul>\t\t\t\t\t\t\t\t<\/div>\n\t\t\t\t<\/div>\n\t\t\t\t\t<\/div>\n\t\t<\/div>\n\t\t\t\t\t<\/div>\n\t\t<\/section>\n\t\t\t\t<\/div>","protected":false},"excerpt":{"rendered":"<p>H\u00e0nh tr\u00ecnh 2 ng\u00e0y 1 \u0111\u00eam kh\u00e1m ph\u00e1 v\u1ebb \u0111\u1eb9p nguy\u00ean s\u01a1 c\u1ee7a V\u1ecbnh Lan H\u1ea1 v\u00e0 tr\u1ea3i nghi\u1ec7m c\u00e1c ho\u1ea1t \u0111\u1ed9ng th\u00fa v\u1ecb tr\u00ean bi\u1ec3n NG\u00c0Y 1 TU\u1ea6N CH\u00c2U &#8211; V\u1ecaNH LAN H\u1ea0 &#8211; HANG S\u00c1NG 11:45 &#8211; 12:00 Ch\u00e0o \u0111\u00f3n qu\u00fd kh\u00e1ch t\u1ea1i nh\u00e0 ch\u1edd Du thuy\u1ec1n Adela Boutique t\u1ea1i C\u1ea3ng t\u00e0u Qu\u1ed1c [&hellip;]<\/p>","protected":false},"author":1,"featured_media":0,"parent":0,"menu_order":0,"comment_status":"closed","ping_status":"closed","template":"","meta":{"footnotes":""},"class_list":["post-6205","page","type-page","status-publish","hentry","post-no-thumbnail"],"_links":{"self":[{"href":"https:\/\/letheatrecruises.com\/it\/wp-json\/wp\/v2\/pages\/6205","targetHints":{"allow":["GET"]}}],"collection":[{"href":"https:\/\/letheatrecruises.com\/it\/wp-json\/wp\/v2\/pages"}],"about":[{"href":"https:\/\/letheatrecruises.com\/it\/wp-json\/wp\/v2\/types\/page"}],"author":[{"embeddable":true,"href":"https:\/\/letheatrecruises.com\/it\/wp-json\/wp\/v2\/users\/1"}],"replies":[{"embeddable":true,"href":"https:\/\/letheatrecruises.com\/it\/wp-json\/wp\/v2\/comments?post=6205"}],"version-history":[{"count":0,"href":"https:\/\/letheatrecruises.com\/it\/wp-json\/wp\/v2\/pages\/6205\/revisions"}],"wp:attachment":[{"href":"https:\/\/letheatrecruises.com\/it\/wp-json\/wp\/v2\/media?parent=6205"}],"curies":[{"name":"wp","href":"https:\/\/api.w.org\/{rel}","templated":true}]}}