{"id":6345,"date":"2021-03-25T04:08:26","date_gmt":"2021-03-25T04:08:26","guid":{"rendered":"https:\/\/adelacruises.com\/trai-nghiem\/"},"modified":"2022-07-21T10:49:16","modified_gmt":"2022-07-21T10:49:16","slug":"trai-nghiem","status":"publish","type":"page","link":"https:\/\/letheatrecruises.com\/zh\/trai-nghiem\/","title":{"rendered":"\u4f11\u606f"},"content":{"rendered":"<div data-elementor-type=\"wp-page\" data-elementor-id=\"6345\" class=\"elementor elementor-6345\" data-elementor-post-type=\"page\">\n\t\t\t\t\t\t<section class=\"elementor-section elementor-top-section elementor-element elementor-element-1954ffc elementor-section-boxed elementor-section-gap-beside-yes elementor-section-height-default elementor-section-height-default elementor-section-column-vertical-align-stretch\" data-id=\"1954ffc\" data-element_type=\"section\">\n\t\t\t\t\t\t<div class=\"elementor-container elementor-column-gap-extended\">\n\t\t\t\t\t<div class=\"elementor-column elementor-col-100 elementor-top-column elementor-element elementor-element-86aebc5\" data-id=\"86aebc5\" data-element_type=\"column\">\n\t\t\t<div class=\"elementor-widget-wrap elementor-element-populated\">\n\t\t\t\t\t\t<div class=\"elementor-element elementor-element-11803d1 elementor-widget__width-initial elementor-invisible elementor-widget elementor-widget-text-editor\" data-id=\"11803d1\" data-element_type=\"widget\" data-settings=\"{&quot;_animation&quot;:&quot;nussFadeInUp&quot;}\" data-widget_type=\"text-editor.default\">\n\t\t\t\t<div class=\"elementor-widget-container\">\n\t\t\t\t\t\t\t\t\t<p>B\u1ea1n s\u1ebd t\u00ecm th\u1ea5y nh\u1eefng tr\u1ea3i nghi\u1ec7m th\u00fa v\u1ecb nh\u1ea5t tr\u00ean h\u00e0nh tr\u00ecnh kh\u00e1m ph\u00e1 V\u1ecbnh H\u1ea1 Long \u2013 Lan H\u1ea1\uff0ctr\u00ean Du thuy\u1ec1n Adela Boutique\uff0cc\u00f9ng gia \u0111\u00ecnh m\u00ecnh v\u00e0 nh\u1eefng ng\u01b0\u1eddi th\u00e2n\u00a0<\/p>\t\t\t\t\t\t\t\t<\/div>\n\t\t\t\t<\/div>\n\t\t\t\t\t<\/div>\n\t\t<\/div>\n\t\t\t\t\t<\/div>\n\t\t<\/section>\n\t\t\t\t<section class=\"elementor-section elementor-top-section elementor-element elementor-element-b2344ff elementor-section-gap-beside-no elementor-section-boxed elementor-section-height-default elementor-section-height-default elementor-section-column-vertical-align-stretch\" data-id=\"b2344ff\" data-element_type=\"section\">\n\t\t\t\t\t\t<div class=\"elementor-container elementor-column-gap-extended\">\n\t\t\t\t\t<div class=\"elementor-column elementor-col-50 elementor-top-column elementor-element elementor-element-4698ec8\" data-id=\"4698ec8\" data-element_type=\"column\">\n\t\t\t<div class=\"elementor-widget-wrap elementor-element-populated\">\n\t\t\t\t\t\t<div class=\"elementor-element elementor-element-88e5290 elementor-invisible nuss-elementor-loading nuss-slide-in-right elementor-widget elementor-widget-image\" data-id=\"88e5290\" data-element_type=\"widget\" data-settings=\"{&quot;_animation&quot;:&quot;nussSlideInRight&quot;}\" data-widget_type=\"image.default\">\n\t\t\t\t<div class=\"elementor-widget-container\">\n\t\t\t\t\t\t\t\t\t\t\t\t\t\t\t<img fetchpriority=\"high\" decoding=\"async\" width=\"1024\" height=\"683\" src=\"https:\/\/letheatrecruises.com\/wp-content\/uploads\/2022\/06\/Activities-9.jpg\" class=\"attachment-full size-full wp-image-5476\" alt=\"\" srcset=\"https:\/\/letheatrecruises.com\/wp-content\/uploads\/2022\/06\/Activities-9.jpg 1024w, https:\/\/letheatrecruises.com\/wp-content\/uploads\/2022\/06\/Activities-9-300x200.jpg 300w, https:\/\/letheatrecruises.com\/wp-content\/uploads\/2022\/06\/Activities-9-768x512.jpg 768w, https:\/\/letheatrecruises.com\/wp-content\/uploads\/2022\/06\/Activities-9-600x400.jpg 600w\" sizes=\"(max-width: 1024px) 100vw, 1024px\" \/>\t\t\t\t\t\t\t\t\t\t\t\t\t\t\t<\/div>\n\t\t\t\t<\/div>\n\t\t\t\t\t<\/div>\n\t\t<\/div>\n\t\t\t\t<div class=\"elementor-column elementor-col-50 elementor-top-column elementor-element elementor-element-4b9e677\" data-id=\"4b9e677\" data-element_type=\"column\">\n\t\t\t<div class=\"elementor-widget-wrap elementor-element-populated\">\n\t\t\t\t\t\t<div class=\"elementor-element elementor-element-f222aa6 elementor-invisible elementor-widget elementor-widget-nuss-heading\" data-id=\"f222aa6\" data-element_type=\"widget\" data-settings=\"{&quot;_animation&quot;:&quot;nussFadeInUp&quot;}\" data-widget_type=\"nuss-heading.default\">\n\t\t\t\t<div class=\"elementor-widget-container\">\n\t\t\t\t\t\t\t<div class=\"nuss-modern-heading\">\r\n\t\t\t\r\n\t\t\t\t\t\t<div class=\"heading-primary-wrap\">\r\n\t\t\t\t<span class=\"heading-primary elementor-heading-title\">2\u4eba1\u4eba\u5de1\u56de\u8d5b\u30013\u4eba2\u4eba\u5de1\u56de\u8d5b<\/span>\t\t\t<\/div>\r\n\t\t\r\n\t\t\t\r\n\t\t\t\t\t<\/div>\r\n\t\t\t\t\t<\/div>\n\t\t\t\t<\/div>\n\t\t\t\t<div class=\"elementor-element elementor-element-fd82a54 elementor-invisible elementor-widget elementor-widget-heading\" data-id=\"fd82a54\" data-element_type=\"widget\" data-settings=\"{&quot;_animation&quot;:&quot;nussFadeInUp&quot;}\" data-widget_type=\"heading.default\">\n\t\t\t\t<div class=\"elementor-widget-container\">\n\t\t\t\t\t<h3 class=\"elementor-heading-title elementor-size-default\">\u76ae\u5212\u8247 <\/h3>\t\t\t\t<\/div>\n\t\t\t\t<\/div>\n\t\t\t\t<div class=\"elementor-element elementor-element-548c110 elementor-icon-list--layout-traditional elementor-list-item-link-full_width elementor-invisible elementor-widget elementor-widget-icon-list\" data-id=\"548c110\" data-element_type=\"widget\" data-settings=\"{&quot;_animation&quot;:&quot;nussFadeInUp&quot;}\" data-widget_type=\"icon-list.default\">\n\t\t\t\t<div class=\"elementor-widget-container\">\n\t\t\t\t\t\t\t<ul class=\"elementor-icon-list-items\">\n\t\t\t\t\t\t\t<li class=\"elementor-icon-list-item\">\n\t\t\t\t\t\t\t\t\t\t\t<span class=\"elementor-icon-list-icon\">\n\t\t\t\t\t\t\t<i aria-hidden=\"true\" class=\"fal fa-map-marker-alt\"><\/i>\t\t\t\t\t\t<\/span>\n\t\t\t\t\t\t\t\t\t\t<span class=\"elementor-icon-list-text\">\u8336\u5305\uff0c\u7eff\u5170\u6d77<\/span>\n\t\t\t\t\t\t\t\t\t<\/li>\n\t\t\t\t\t\t<\/ul>\n\t\t\t\t\t\t<\/div>\n\t\t\t\t<\/div>\n\t\t\t\t<div class=\"elementor-element elementor-element-bc0b7e2 elementor-invisible elementor-widget elementor-widget-text-editor\" data-id=\"bc0b7e2\" data-element_type=\"widget\" data-settings=\"{&quot;_animation&quot;:&quot;nussFadeInUp&quot;}\" data-widget_type=\"text-editor.default\">\n\t\t\t\t<div class=\"elementor-widget-container\">\n\t\t\t\t\t\t\t\t\t<p>\u6b63\u5982\u5728\u60a8\u4e4b\u524d\u63a2\u7d22\u8fc7\u5170\u54c8\u6e7e\u7684\u7ecf\u9a8c\u4e30\u5bcc\u7684\u6e38\u5ba2\u6240\u53d1\u73b0\u7684\u90a3\u6837\uff0c\u63a2\u7d22\u6d77\u6e7e\u58ee\u4e3d\u666f\u8272\u7684\u6700\u4f73\u65b9\u5f0f\u662f\u5212\u76ae\u5212\u8247\uff0c\u56e0\u4e3a\u60a8\u7684\u76ae\u5212\u8247\u53ef\u4ee5\u7a7f\u8fc7\u5580\u65af\u7279\u5730\u8c8c\u5e76\u8fdb\u5165\u6709\u76d6\u7684\u6cfb\u6e56\uff0c\u6216\u6cbf\u7740\u539f\u59cb\u7684\u6d77\u5cb8\u7ebf\u63a0\u8fc7\u5927\u8239\u65e0\u6cd5\u5230\u8fbe\u7684\u89d2\u843d\u548c\u60ac\u5d16\u3002<br><span style=\"letter-spacing: inherit;\">\u4e0e\u6211\u4eec\u540c\u884c\uff0c\u60a8\u5c06\u6709\u673a\u4f1a\u63a2\u7d22\u6d77\u6e7e\u6700\u539f\u59cb\u7684\u89d2\u843d\uff0c\u76ae\u5212\u8247\u4e5f\u662f\u65c5\u7a0b\u7684\u4e00\u90e8\u5206\uff0c\u6cbf\u7740\u4e00\u6761\u72ec\u7acb\u7684\u822a\u7ebf\u822a\u884c\uff0c\u5728\u90a3\u91cc\uff0c\u53ea\u6709\u60a8\u548c\u5927\u81ea\u7136\u878d\u4e3a\u4e00\u4f53\uff0c\u6ca1\u6709\u5e72\u6270\u3002\u8fd9\u662f\u4e00\u6b21\u58ee\u4e3d\u7684\u65c5\u7a0b\u3002<\/span><\/p>\t\t\t\t\t\t\t\t<\/div>\n\t\t\t\t<\/div>\n\t\t\t\t<div class=\"elementor-element elementor-element-9ce6fef elementor-invisible elementor-widget elementor-widget-button\" data-id=\"9ce6fef\" data-element_type=\"widget\" data-settings=\"{&quot;_animation&quot;:&quot;nussFadeInUp&quot;}\" data-widget_type=\"button.default\">\n\t\t\t\t<div class=\"elementor-widget-container\">\n\t\t\t\t\t\t\t\t\t<div class=\"elementor-button-wrapper\">\n\t\t\t\t\t<a class=\"elementor-button elementor-button-link elementor-size-sm\" href=\"https:\/\/adelacruises.com\/vi\/booking\/\" target=\"_blank\" rel=\"noopener\">\n\t\t\t\t\t\t<span class=\"elementor-button-content-wrapper\">\n\t\t\t\t\t\t\t\t\t<span class=\"elementor-button-text\">\u4e00\u65e5\u6e38<\/span>\n\t\t\t\t\t<\/span>\n\t\t\t\t\t<\/a>\n\t\t\t\t<\/div>\n\t\t\t\t\t\t\t\t<\/div>\n\t\t\t\t<\/div>\n\t\t\t\t\t<\/div>\n\t\t<\/div>\n\t\t\t\t\t<\/div>\n\t\t<\/section>\n\t\t\t\t<section class=\"elementor-section elementor-top-section elementor-element elementor-element-575fc68 elementor-section-gap-beside-no elementor-section-boxed elementor-section-height-default elementor-section-height-default elementor-section-column-vertical-align-stretch\" data-id=\"575fc68\" data-element_type=\"section\">\n\t\t\t\t\t\t<div class=\"elementor-container elementor-column-gap-extended\">\n\t\t\t\t\t<div class=\"elementor-column elementor-col-50 elementor-top-column elementor-element elementor-element-dd03a56\" data-id=\"dd03a56\" data-element_type=\"column\">\n\t\t\t<div class=\"elementor-widget-wrap elementor-element-populated\">\n\t\t\t\t\t\t<div class=\"elementor-element elementor-element-78ab5be elementor-invisible nuss-elementor-loading nuss-slide-in-right elementor-widget elementor-widget-image\" data-id=\"78ab5be\" data-element_type=\"widget\" data-settings=\"{&quot;_animation&quot;:&quot;nussSlideInRight&quot;}\" data-widget_type=\"image.default\">\n\t\t\t\t<div class=\"elementor-widget-container\">\n\t\t\t\t\t\t\t\t\t\t\t\t\t\t\t<img decoding=\"async\" width=\"1024\" height=\"594\" src=\"https:\/\/letheatrecruises.com\/wp-content\/uploads\/2022\/06\/Activities-21.jpg\" class=\"attachment-full size-full wp-image-5477\" alt=\"\" srcset=\"https:\/\/letheatrecruises.com\/wp-content\/uploads\/2022\/06\/Activities-21.jpg 1024w, https:\/\/letheatrecruises.com\/wp-content\/uploads\/2022\/06\/Activities-21-300x174.jpg 300w, https:\/\/letheatrecruises.com\/wp-content\/uploads\/2022\/06\/Activities-21-768x446.jpg 768w, https:\/\/letheatrecruises.com\/wp-content\/uploads\/2022\/06\/Activities-21-600x348.jpg 600w\" sizes=\"(max-width: 1024px) 100vw, 1024px\" \/>\t\t\t\t\t\t\t\t\t\t\t\t\t\t\t<\/div>\n\t\t\t\t<\/div>\n\t\t\t\t\t<\/div>\n\t\t<\/div>\n\t\t\t\t<div class=\"elementor-column elementor-col-50 elementor-top-column elementor-element elementor-element-364a6b2\" data-id=\"364a6b2\" data-element_type=\"column\">\n\t\t\t<div class=\"elementor-widget-wrap elementor-element-populated\">\n\t\t\t\t\t\t<div class=\"elementor-element elementor-element-f9f80f6 elementor-invisible elementor-widget elementor-widget-nuss-heading\" data-id=\"f9f80f6\" data-element_type=\"widget\" data-settings=\"{&quot;_animation&quot;:&quot;nussFadeInUp&quot;}\" data-widget_type=\"nuss-heading.default\">\n\t\t\t\t<div class=\"elementor-widget-container\">\n\t\t\t\t\t\t\t<div class=\"nuss-modern-heading\">\r\n\t\t\t\r\n\t\t\t\t\t\t<div class=\"heading-primary-wrap\">\r\n\t\t\t\t<span class=\"heading-primary elementor-heading-title\">2\u4eba1\u4eba\u5de1\u56de\u8d5b\u30013\u4eba2\u4eba\u5de1\u56de\u8d5b<\/span>\t\t\t<\/div>\r\n\t\t\r\n\t\t\t\r\n\t\t\t\t\t<\/div>\r\n\t\t\t\t\t<\/div>\n\t\t\t\t<\/div>\n\t\t\t\t<div class=\"elementor-element elementor-element-e60cb65 elementor-invisible elementor-widget elementor-widget-heading\" data-id=\"e60cb65\" data-element_type=\"widget\" data-settings=\"{&quot;_animation&quot;:&quot;nussFadeInUp&quot;}\" data-widget_type=\"heading.default\">\n\t\t\t\t<div class=\"elementor-widget-container\">\n\t\t\t\t\t<h3 class=\"elementor-heading-title elementor-size-default\">\u90a3\u4e9b\u6052\u751f\u7684\u4eba<\/h3>\t\t\t\t<\/div>\n\t\t\t\t<\/div>\n\t\t\t\t<div class=\"elementor-element elementor-element-d5fc9ec elementor-icon-list--layout-traditional elementor-list-item-link-full_width elementor-invisible elementor-widget elementor-widget-icon-list\" data-id=\"d5fc9ec\" data-element_type=\"widget\" data-settings=\"{&quot;_animation&quot;:&quot;nussFadeInUp&quot;}\" data-widget_type=\"icon-list.default\">\n\t\t\t\t<div class=\"elementor-widget-container\">\n\t\t\t\t\t\t\t<ul class=\"elementor-icon-list-items\">\n\t\t\t\t\t\t\t<li class=\"elementor-icon-list-item\">\n\t\t\t\t\t\t\t\t\t\t\t<span class=\"elementor-icon-list-icon\">\n\t\t\t\t\t\t\t<i aria-hidden=\"true\" class=\"fal fa-map-marker-alt\"><\/i>\t\t\t\t\t\t<\/span>\n\t\t\t\t\t\t\t\t\t\t<span class=\"elementor-icon-list-text\">\u6c38\u5170\u6cb3 <\/span>\n\t\t\t\t\t\t\t\t\t<\/li>\n\t\t\t\t\t\t<\/ul>\n\t\t\t\t\t\t<\/div>\n\t\t\t\t<\/div>\n\t\t\t\t<div class=\"elementor-element elementor-element-ccbb94d elementor-invisible elementor-widget elementor-widget-text-editor\" data-id=\"ccbb94d\" data-element_type=\"widget\" data-settings=\"{&quot;_animation&quot;:&quot;nussFadeInUp&quot;}\" data-widget_type=\"text-editor.default\">\n\t\t\t\t<div class=\"elementor-widget-container\">\n\t\t\t\t\t\t\t\t\t<p style=\"text-align: justify;\"><span style=\"font-size: 13pt; letter-spacing: inherit;\">\u4e58\u5750\u7af9\u8239\u524d\u5f80\u5149\u660e\u6d1e\uff0c\u5728\u5170\u54c8\u6e7e\u8fc7\u591c\u6e38\u8f6e\u4e0a\u662f\u4e00\u6b21\u7edd\u5999\u7684\u4f53\u9a8c\u3002\u5149\u660e\u6d1e\u662f\u8fd9\u5904\u4e16\u754c\u9057\u4ea7\u7684\u7470\u5b9d\uff0c\u636e\u8bf4\u662f\u76ae\u5212\u8247\u3001\u6e38\u6cf3\u6216\u6444\u5f71\u7684\u6700\u4f73\u53bb\u5904\u4e4b\u4e00\u3002\u60a8\u5c06\u4e58\u5750\u5f53\u5730\u8fd0\u8425\u7684\u7af9\u8239\uff0c\u4eab\u53d7\u4e00\u6b21\u7279\u522b\u7684\u65c5\u7a0b\uff0c\u524d\u5f80\u5149\u660e\u6d1e\uff0c\u5728\u90a3\u91cc\u60a8\u5c06\u8fdb\u5165\u4e00\u6761\u4e0e\u6c34\u4f4d\u9f50\u5e73\u7684\u659c\u901a\u9053\u3002\u7f8e\u4e3d\u7684\u901a\u9053\u65c1\u662f\u4e00\u7247\u5b81\u9759\u7684\u5706\u5f62\u6e56\u6cca\uff0c\u5468\u56f4\u73af\u7ed5\u7740\u8302\u5bc6\u7684\u6811\u6728\u548c\u9ad8\u8038\u7684\u5929\u7136\u77f3\u5899\uff0c\u5f62\u4f3c\u4e00\u5ea7\u88ab\u9ad8\u53f0\u73af\u7ed5\u7684\u4f53\u80b2\u573a\u3002\u00a0<\/span><\/p>\t\t\t\t\t\t\t\t<\/div>\n\t\t\t\t<\/div>\n\t\t\t\t<div class=\"elementor-element elementor-element-cb93b68 elementor-invisible elementor-widget elementor-widget-button\" data-id=\"cb93b68\" data-element_type=\"widget\" data-settings=\"{&quot;_animation&quot;:&quot;nussFadeInUp&quot;}\" data-widget_type=\"button.default\">\n\t\t\t\t<div class=\"elementor-widget-container\">\n\t\t\t\t\t\t\t\t\t<div class=\"elementor-button-wrapper\">\n\t\t\t\t\t<a class=\"elementor-button elementor-button-link elementor-size-sm\" href=\"https:\/\/adelacruises.com\/vi\/booking\/\" target=\"_blank\" rel=\"noopener\">\n\t\t\t\t\t\t<span class=\"elementor-button-content-wrapper\">\n\t\t\t\t\t\t\t\t\t<span class=\"elementor-button-text\">\u4e00\u65e5\u6e38 <\/span>\n\t\t\t\t\t<\/span>\n\t\t\t\t\t<\/a>\n\t\t\t\t<\/div>\n\t\t\t\t\t\t\t\t<\/div>\n\t\t\t\t<\/div>\n\t\t\t\t\t<\/div>\n\t\t<\/div>\n\t\t\t\t\t<\/div>\n\t\t<\/section>\n\t\t\t\t<section class=\"elementor-section elementor-top-section elementor-element elementor-element-7853fd5 elementor-section-gap-beside-no elementor-section-boxed elementor-section-height-default elementor-section-height-default elementor-section-column-vertical-align-stretch\" data-id=\"7853fd5\" data-element_type=\"section\">\n\t\t\t\t\t\t<div class=\"elementor-container elementor-column-gap-extended\">\n\t\t\t\t\t<div class=\"elementor-column elementor-col-50 elementor-top-column elementor-element elementor-element-9a8fa64\" data-id=\"9a8fa64\" data-element_type=\"column\">\n\t\t\t<div class=\"elementor-widget-wrap elementor-element-populated\">\n\t\t\t\t\t\t<div class=\"elementor-element elementor-element-6f7d3f1 elementor-invisible nuss-elementor-loading nuss-slide-in-right elementor-widget elementor-widget-image\" data-id=\"6f7d3f1\" data-element_type=\"widget\" data-settings=\"{&quot;_animation&quot;:&quot;nussSlideInRight&quot;}\" data-widget_type=\"image.default\">\n\t\t\t\t<div class=\"elementor-widget-container\">\n\t\t\t\t\t\t\t\t\t\t\t\t\t\t\t<img decoding=\"async\" src=\"http:\/\/adelacruises.com\/wp-content\/uploads\/2022\/06\/07.-Bar_1.jpg\" title=\"\" alt=\"\" loading=\"lazy\" \/>\t\t\t\t\t\t\t\t\t\t\t\t\t\t\t<\/div>\n\t\t\t\t<\/div>\n\t\t\t\t\t<\/div>\n\t\t<\/div>\n\t\t\t\t<div class=\"elementor-column elementor-col-50 elementor-top-column elementor-element elementor-element-abd874b\" data-id=\"abd874b\" data-element_type=\"column\">\n\t\t\t<div class=\"elementor-widget-wrap elementor-element-populated\">\n\t\t\t\t\t\t<div class=\"elementor-element elementor-element-ad62d2d elementor-invisible elementor-widget elementor-widget-nuss-heading\" data-id=\"ad62d2d\" data-element_type=\"widget\" data-settings=\"{&quot;_animation&quot;:&quot;nussFadeInUp&quot;}\" data-widget_type=\"nuss-heading.default\">\n\t\t\t\t<div class=\"elementor-widget-container\">\n\t\t\t\t\t\t\t<div class=\"nuss-modern-heading\">\r\n\t\t\t\r\n\t\t\t\t\t\t<div class=\"heading-primary-wrap\">\r\n\t\t\t\t<span class=\"heading-primary elementor-heading-title\">2\u4eba1\u4eba\u5de1\u56de\u8d5b\u30013\u4eba2\u4eba\u5de1\u56de\u8d5b<\/span>\t\t\t<\/div>\r\n\t\t\r\n\t\t\t\r\n\t\t\t\t\t<\/div>\r\n\t\t\t\t\t<\/div>\n\t\t\t\t<\/div>\n\t\t\t\t<div class=\"elementor-element elementor-element-9ae1d53 elementor-invisible elementor-widget elementor-widget-heading\" data-id=\"9ae1d53\" data-element_type=\"widget\" data-settings=\"{&quot;_animation&quot;:&quot;nussFadeInUp&quot;}\" data-widget_type=\"heading.default\">\n\t\t\t\t<div class=\"elementor-widget-container\">\n\t\t\t\t\t<h3 class=\"elementor-heading-title elementor-size-default\">B\u1eefa t\u1ed1i tr\u00ean san th\u01b0\u1ee3ng <\/h3>\t\t\t\t<\/div>\n\t\t\t\t<\/div>\n\t\t\t\t<div class=\"elementor-element elementor-element-b643e63 elementor-icon-list--layout-traditional elementor-list-item-link-full_width elementor-invisible elementor-widget elementor-widget-icon-list\" data-id=\"b643e63\" data-element_type=\"widget\" data-settings=\"{&quot;_animation&quot;:&quot;nussFadeInUp&quot;}\" data-widget_type=\"icon-list.default\">\n\t\t\t\t<div class=\"elementor-widget-container\">\n\t\t\t\t\t\t\t<ul class=\"elementor-icon-list-items\">\n\t\t\t\t\t\t\t<li class=\"elementor-icon-list-item\">\n\t\t\t\t\t\t\t\t\t\t\t<span class=\"elementor-icon-list-icon\">\n\t\t\t\t\t\t\t<i aria-hidden=\"true\" class=\"fal fa-map-marker-alt\"><\/i>\t\t\t\t\t\t<\/span>\n\t\t\t\t\t\t\t\t\t\t<span class=\"elementor-icon-list-text\">Du thuy\u1ec1n Adela Boutique <\/span>\n\t\t\t\t\t\t\t\t\t<\/li>\n\t\t\t\t\t\t<\/ul>\n\t\t\t\t\t\t<\/div>\n\t\t\t\t<\/div>\n\t\t\t\t<div class=\"elementor-element elementor-element-a80ff28 elementor-invisible elementor-widget elementor-widget-text-editor\" data-id=\"a80ff28\" data-element_type=\"widget\" data-settings=\"{&quot;_animation&quot;:&quot;nussFadeInUp&quot;}\" data-widget_type=\"text-editor.default\">\n\t\t\t\t<div class=\"elementor-widget-container\">\n\t\t\t\t\t\t\t\t\t<p><span style=\"letter-spacing: inherit;\">\u963f\u5fb7\u62c9\u7cbe\u54c1\u6e38\u8f6e\u4e3a\u60a8\u63d0\u4f9b\u4f18\u96c5\u7684\u201c\u9910\u5385\u548c\u9152\u5427\u201d\uff0c\u4e3a\u60a8\u5e26\u6765\u4e13\u5c5e\u7684\u7528\u9910\u4f53\u9a8c\u3002\u9876\u5c42\u7532\u677f\u662f\u60a8\u5728\u7480\u74a8\u661f\u5149\u4e0b\u4eab\u7528\u665a\u9910\u7684\u7edd\u4f73\u5730\u70b9\uff0c\u540c\u65f6\u8fd8\u80fd\u9971\u89c8\u5170\u54c8\u6e7e\u53ca\u5176\u5c9b\u5c7f\u7684\u58ee\u4e3d\u5168\u666f\u3002\u9910\u5385\u5185\u70b9\u7f00\u7740\u5149\u7403\u548c\u95ea\u70c1\u7684\u70db\u5149\uff0c\u8425\u9020\u51fa\u6e29\u99a8\u7684\u6c1b\u56f4\uff0c\u60a8\u53ef\u4ee5\u4e0e\u7231\u4eba\u6216\u65b0\u670b\u53cb\u5171\u8fdb\u6d6a\u6f2b\u665a\u9910\uff0c\u4e5f\u53ef\u4ee5\u53ea\u662f\u5728\u8fd9\u91cc\u5c0f\u914c\u4e00\u676f\u8461\u8404\u9152\uff0c\u6b23\u8d4f\u8fd9\u7247\u8ff7\u4eba\u7684\u6d77\u6e7e\u3002<\/span><\/p><p>\u00a0<\/p>\t\t\t\t\t\t\t\t<\/div>\n\t\t\t\t<\/div>\n\t\t\t\t<div class=\"elementor-element elementor-element-b9046cc elementor-invisible elementor-widget elementor-widget-button\" data-id=\"b9046cc\" data-element_type=\"widget\" data-settings=\"{&quot;_animation&quot;:&quot;nussFadeInUp&quot;}\" data-widget_type=\"button.default\">\n\t\t\t\t<div class=\"elementor-widget-container\">\n\t\t\t\t\t\t\t\t\t<div class=\"elementor-button-wrapper\">\n\t\t\t\t\t<a class=\"elementor-button elementor-button-link elementor-size-sm\" href=\"https:\/\/adelacruises.com\/vi\/booking\/\" target=\"_blank\" rel=\"noopener\">\n\t\t\t\t\t\t<span class=\"elementor-button-content-wrapper\">\n\t\t\t\t\t\t\t\t\t<span class=\"elementor-button-text\">\u4e00\u65e5\u6e38 <\/span>\n\t\t\t\t\t<\/span>\n\t\t\t\t\t<\/a>\n\t\t\t\t<\/div>\n\t\t\t\t\t\t\t\t<\/div>\n\t\t\t\t<\/div>\n\t\t\t\t\t<\/div>\n\t\t<\/div>\n\t\t\t\t\t<\/div>\n\t\t<\/section>\n\t\t\t\t<\/div>","protected":false},"excerpt":{"rendered":"<p>B\u1ea1n s\u1ebd t\u00ecm th\u1ea5y nh\u1eefng tr\u1ea3i nghi\u1ec7m th\u00fa v\u1ecb nh\u1ea5t tr\u00ean h\u00e0nh tr\u00ecnh kh\u00e1m ph\u00e1 V\u1ecbnh H\u1ea1 Long &#8211; Lan H\u1ea1, tr\u00ean Du thuy\u1ec1n Adela Boutique, c\u00f9ng gia \u0111\u00ecnh m\u00ecnh v\u00e0 nh\u1eefng ng\u01b0\u1eddi th\u00e2n\u00a0 tour 2n1\u0111, tour 3n2\u0111 Ch\u00e8o thuy\u1ec1n kayak Tr\u00e0 B\u00e1u, V\u1ecbnh Lan H\u1ea1 As discovered by experienced visitor who have explored Lan [&hellip;]<\/p>","protected":false},"author":1,"featured_media":0,"parent":0,"menu_order":0,"comment_status":"closed","ping_status":"closed","template":"","meta":{"footnotes":""},"class_list":["post-6345","page","type-page","status-publish","hentry","post-no-thumbnail"],"_links":{"self":[{"href":"https:\/\/letheatrecruises.com\/zh\/wp-json\/wp\/v2\/pages\/6345","targetHints":{"allow":["GET"]}}],"collection":[{"href":"https:\/\/letheatrecruises.com\/zh\/wp-json\/wp\/v2\/pages"}],"about":[{"href":"https:\/\/letheatrecruises.com\/zh\/wp-json\/wp\/v2\/types\/page"}],"author":[{"embeddable":true,"href":"https:\/\/letheatrecruises.com\/zh\/wp-json\/wp\/v2\/users\/1"}],"replies":[{"embeddable":true,"href":"https:\/\/letheatrecruises.com\/zh\/wp-json\/wp\/v2\/comments?post=6345"}],"version-history":[{"count":0,"href":"https:\/\/letheatrecruises.com\/zh\/wp-json\/wp\/v2\/pages\/6345\/revisions"}],"wp:attachment":[{"href":"https:\/\/letheatrecruises.com\/zh\/wp-json\/wp\/v2\/media?parent=6345"}],"curies":[{"name":"wp","href":"https:\/\/api.w.org\/{rel}","templated":true}]}}